{"id":2047,"date":"2025-04-07T03:32:31","date_gmt":"2025-04-07T03:32:31","guid":{"rendered":"https:\/\/licenciasexpress.cl\/?post_type=product&#038;p=2047"},"modified":"2025-10-10T21:15:51","modified_gmt":"2025-10-10T21:15:51","slug":"windows-11-home","status":"publish","type":"product","link":"https:\/\/licenciasexpress.cl\/?product=windows-11-home","title":{"rendered":"Windows 11 Home"},"content":{"rendered":"<p>Windows 11 Home representa el \u00faltimo avance en los sistemas operativos de Microsoft dise\u00f1ados para maximizar la eficiencia en el lugar de trabajo y el juego. Con una amplia gama de funcionalidades modernizadas, se consolida como una soluci\u00f3n robusta tanto para usuarios ocasionales como profesionales.<\/p>\n<p>&nbsp;<\/p>\n<p>La renovada interfaz de Windows 11 Home destaca por su dise\u00f1o intuitivo, proporcionando una experiencia optimizada para los usuarios. El men\u00fa Inicio, por ejemplo, se ha revitalizado, lo que hace que sea a\u00fan m\u00e1s conveniente acceder a las aplicaciones de uso frecuente, mientras que el renovado Centro de Acci\u00f3n permite una r\u00e1pida visualizaci\u00f3n y ajuste de notificaciones y preferencias esenciales.<\/p>\n<p>&nbsp;<\/p>\n<p>La seguridad, una prioridad para Microsoft, ha recibido mejoras considerables en Windows 11 Home. La caracter\u00edstica Windows Hello permite acceder al dispositivo a trav\u00e9s del reconocimiento facial o mediante la lectura de huellas digitales. En paralelo, Windows Defender refuerza la defensa contra el malware y los riesgos potenciales. El sistema tambi\u00e9n cuenta con el navegador Microsoft Edge, optimizado para proporcionar una navegaci\u00f3n \u00e1gil y protegida, con opciones como la prevenci\u00f3n de rastreo y un modo dedicado a Internet Explorer, ideal para sitios m\u00e1s antiguos.<\/p>\n<p>&nbsp;<\/p>\n<p>Entre otras innovaciones, Windows 11 Home admite escritorios virtuales, ideales para apuntar a diferentes actividades; un Administrador de tareas enriquecido, que muestra detalles ampliados sobre el rendimiento del sistema; y compatibilidad mejorada con resoluciones 4K y contenido HDR.<\/p>\n<p>&nbsp;<\/p>\n<p>Adem\u00e1s, el sistema se complementa con una gama de aplicaciones integradas como Mail, Calendario y Fotos. No podemos olvidarnos de la Microsoft Store, que da acceso a un universo de aplicaciones, juegos y contenidos diversos.<\/p>\n<p>&nbsp;<\/p>\n<p>En definitiva, Windows 11 Home no solo cumple, sino que supera las expectativas, alineando innovaci\u00f3n y rendimiento. Ya sea para uso personal o profesional, se destaca como una opci\u00f3n correcta para su m\u00e1quina.<\/p>\n","protected":false},"excerpt":{"rendered":"<p><strong>Caracteristicas:<\/strong><\/p>\n<p>&nbsp;<\/p>\n<p><strong>Versi\u00f3n<\/strong>: Windows 10 Home<\/p>\n<p>&nbsp;<\/p>\n<p>Se te proporciona un serial de 25 Caracteres (XXXXX-XXXXX-XXXXX-XXXXX-XXXXX)<\/p>\n<p>&nbsp;<\/p>\n<p>Permite la activaci\u00f3n en 1 PC y dura hasta que se formatea o cambias de equipo.<\/p>\n","protected":false},"featured_media":2756,"comment_status":"closed","ping_status":"closed","template":"","meta":[],"product_brand":[],"product_cat":[29],"product_tag":[],"class_list":{"0":"post-2047","1":"product","2":"type-product","3":"status-publish","4":"has-post-thumbnail","6":"product_cat-windows","8":"first","9":"outofstock","10":"virtual","11":"taxable","12":"purchasable","13":"product-type-simple"},"jetpack_sharing_enabled":true,"_links":{"self":[{"href":"https:\/\/licenciasexpress.cl\/index.php?rest_route=\/wp\/v2\/product\/2047","targetHints":{"allow":["GET"]}}],"collection":[{"href":"https:\/\/licenciasexpress.cl\/index.php?rest_route=\/wp\/v2\/product"}],"about":[{"href":"https:\/\/licenciasexpress.cl\/index.php?rest_route=\/wp\/v2\/types\/product"}],"replies":[{"embeddable":true,"href":"https:\/\/licenciasexpress.cl\/index.php?rest_route=%2Fwp%2Fv2%2Fcomments&post=2047"}],"wp:featuredmedia":[{"embeddable":true,"href":"https:\/\/licenciasexpress.cl\/index.php?rest_route=\/wp\/v2\/media\/2756"}],"wp:attachment":[{"href":"https:\/\/licenciasexpress.cl\/index.php?rest_route=%2Fwp%2Fv2%2Fmedia&parent=2047"}],"wp:term":[{"taxonomy":"product_brand","embeddable":true,"href":"https:\/\/licenciasexpress.cl\/index.php?rest_route=%2Fwp%2Fv2%2Fproduct_brand&post=2047"},{"taxonomy":"product_cat","embeddable":true,"href":"https:\/\/licenciasexpress.cl\/index.php?rest_route=%2Fwp%2Fv2%2Fproduct_cat&post=2047"},{"taxonomy":"product_tag","embeddable":true,"href":"https:\/\/licenciasexpress.cl\/index.php?rest_route=%2Fwp%2Fv2%2Fproduct_tag&post=2047"}],"curies":[{"name":"wp","href":"https:\/\/api.w.org\/{rel}","templated":true}]}}