{"id":2045,"date":"2025-04-07T03:32:32","date_gmt":"2025-04-07T03:32:32","guid":{"rendered":"https:\/\/licenciasexpress.cl\/?post_type=product&#038;p=2045"},"modified":"2025-04-07T03:32:32","modified_gmt":"2025-04-07T03:32:32","slug":"windows-10-home","status":"publish","type":"product","link":"https:\/\/licenciasexpress.cl\/?product=windows-10-home","title":{"rendered":"Windows 10 Home"},"content":{"rendered":"<p>Windows 10 Home es la versi\u00f3n de Windows m\u00e1s popular y difundida ya que es el Windows con el que suele venir instalado con su dispositivo. Esta licencia permite activar su edici\u00f3n de Windows 10 Home inmediatamente sin cracks que da\u00f1en su sistema.<\/p>\n<p>&nbsp;<\/p>\n<p><strong>Recomendado para:<\/strong><\/p>\n<p>-Personas que necesiten instalar Windows desde cero y no necesiten la funcionalidad de Windows 10 Pro.<\/p>\n<p>-Usuarios que necesiten activar el Windows 10 preinstalado en su equipo.<\/p>\n<p>-Personas que busquen pasar de Windows 10 pirata a Windows 10 original.<\/p>\n<p>&nbsp;<\/p>\n<p><strong>\u00bfPor qu\u00e9 activar Windows?<\/strong><\/p>\n<p>Adem\u00e1s de las consideraciones legales (Los programas piratas son ilegales en todos los pa\u00edses del mundo), activar Windows otorga una gran variedad de beneficios, como, por ejemplo:<\/p>\n<p>-Acceso a las \u00faltimas actualizaciones y caracter\u00edsticas del software.<\/p>\n<p>-Protecci\u00f3n contra virus.<\/p>\n<p>-Algunos programas requieren Windows 10 activado para funcionar.<\/p>\n<p>-Descarga autom\u00e1tica de drivers y archivos de sistema<\/p>\n<p>-Algunos cracks o parches para activar Windows no original, da\u00f1an el sistema operativo e introducen virus y programas esp\u00eda.<\/p>\n<p>&nbsp;<\/p>\n<p><strong>Compatibilidad<\/strong><\/p>\n<p>Windows 10 Pro es el sistema con la mejor compatibilidad. Est\u00e1 dise\u00f1ado para funcionar en gran variedad de computadores y es capaz de reconocer la gran mayor\u00eda de los drivers de forma autom\u00e1tica.<\/p>\n<p>Es un sistema muy bien optimizado capaz de funcionar con rapidez incluso en dispositivos antiguos. No consume muchos m\u00e1s recursos que Windows 7.<\/p>\n","protected":false},"excerpt":{"rendered":"<p><strong>Caracteristicas:<\/strong><\/p>\n<p>&nbsp;<\/p>\n<p><strong>Versi\u00f3n<\/strong>: Windows 10 Home<\/p>\n<p>&nbsp;<\/p>\n<p>Se te proporciona un serial de 25 Caracteres (XXXXX-XXXXX-XXXXX-XXXXX-XXXXX)<\/p>\n<p>&nbsp;<\/p>\n<p>Permite la activaci\u00f3n en 1 PC y dura hasta que se formatea o cambias de equipo.<\/p>\n","protected":false},"featured_media":2754,"comment_status":"closed","ping_status":"closed","template":"","meta":[],"product_brand":[],"product_cat":[29],"product_tag":[],"class_list":{"0":"post-2045","1":"product","2":"type-product","3":"status-publish","4":"has-post-thumbnail","6":"product_cat-windows","8":"first","9":"instock","10":"virtual","11":"taxable","12":"purchasable","13":"product-type-simple"},"jetpack_sharing_enabled":true,"_links":{"self":[{"href":"https:\/\/licenciasexpress.cl\/index.php?rest_route=\/wp\/v2\/product\/2045","targetHints":{"allow":["GET"]}}],"collection":[{"href":"https:\/\/licenciasexpress.cl\/index.php?rest_route=\/wp\/v2\/product"}],"about":[{"href":"https:\/\/licenciasexpress.cl\/index.php?rest_route=\/wp\/v2\/types\/product"}],"replies":[{"embeddable":true,"href":"https:\/\/licenciasexpress.cl\/index.php?rest_route=%2Fwp%2Fv2%2Fcomments&post=2045"}],"wp:featuredmedia":[{"embeddable":true,"href":"https:\/\/licenciasexpress.cl\/index.php?rest_route=\/wp\/v2\/media\/2754"}],"wp:attachment":[{"href":"https:\/\/licenciasexpress.cl\/index.php?rest_route=%2Fwp%2Fv2%2Fmedia&parent=2045"}],"wp:term":[{"taxonomy":"product_brand","embeddable":true,"href":"https:\/\/licenciasexpress.cl\/index.php?rest_route=%2Fwp%2Fv2%2Fproduct_brand&post=2045"},{"taxonomy":"product_cat","embeddable":true,"href":"https:\/\/licenciasexpress.cl\/index.php?rest_route=%2Fwp%2Fv2%2Fproduct_cat&post=2045"},{"taxonomy":"product_tag","embeddable":true,"href":"https:\/\/licenciasexpress.cl\/index.php?rest_route=%2Fwp%2Fv2%2Fproduct_tag&post=2045"}],"curies":[{"name":"wp","href":"https:\/\/api.w.org\/{rel}","templated":true}]}}