{"id":1917,"date":"2025-04-07T03:32:32","date_gmt":"2025-04-07T03:32:32","guid":{"rendered":"https:\/\/licenciasexpress.cl\/?post_type=product&#038;p=1917"},"modified":"2026-04-19T23:05:46","modified_gmt":"2026-04-19T23:05:46","slug":"autodesk-recap-pro","status":"publish","type":"product","link":"https:\/\/licenciasexpress.cl\/?product=autodesk-recap-pro","title":{"rendered":"Autodesk ReCap Pro &#8211; 12 Meses"},"content":{"rendered":"<p>Activaci\u00f3n mediante email (Nos puedes proporcionar tu direcci\u00f3n de email asociada a Autodesk, y la licencia quedara enlazada a ese correo, o si lo prefieres, nosotros te asignamos una).<\/p>\n<p><strong>Al momento de realizar la compra, d\u00e9janos el email registrado en AutoCAD en el apartado \u00abNotas\u00bb.\u00a0 Si no posees uno, debes avisarnos en el mismo recuadro.<\/strong><\/p>\n<p>La activaci\u00f3n de la licencia se realiza en un plazo m\u00e1ximo de 24 horas.<\/p>\n<p>&nbsp;<\/p>\n<h4>Digitalizaci\u00f3n de objetos con ReCap Pro<\/h4>\n<p>Con ReCap Pro, podr\u00e1\u00a0<strong>crear r\u00e1pidamente y sin esfuerzo dise\u00f1os digitales<\/strong>\u00a0detallados de objetos existentes, como edificios y carreteras. Este avanzado software est\u00e1 especialmente dise\u00f1ado para ayudarle a levantar, renovar y construir todo tipo de estructuras e infraestructuras. Con s\u00f3lo tres sencillos pasos, podr\u00e1 capturar, digitalizar y editar datos, lo que le abrir\u00e1 un mundo de posibilidades.<\/p>\n<p>El proceso comienza en la ubicaci\u00f3n del objeto, donde se recopilan escaneos o fotos detallados utilizando esc\u00e1neres 3D avanzados o c\u00e1maras fotogr\u00e1ficas. Este es el primer paso crucial para cartografiar el objeto de forma precisa y completa.<\/p>\n<p>A continuaci\u00f3n, ReCap Pro importa los escaneos y fotos recopilados, tras lo cual el software los convierte en un modelo digital detallado. En s\u00f3lo unos minutos, podr\u00e1 disponer de una nube de puntos 3D precisa y escalable del objeto.\u00a0<strong>Gracias a herramientas avanzadas, como la funci\u00f3n \u00abSurface Snap\u00bb, podr\u00e1 determinar f\u00e1cilmente las dimensiones y distancias exactas dentro del modelo digital.<\/strong>\u00a0Adem\u00e1s, ReCap Pro te permite crear animaciones para que puedas presentarlas a clientes y otras partes interesadas, ofreci\u00e9ndoles una visi\u00f3n realista del resultado final.<\/p>\n<p>El dise\u00f1o digital creado con ReCap Pro puede utilizarse para diversos fines. Por ejemplo, puede seguir editando el modelo con otro software de Autodesk, como AutoCAD o Revit, lo que le permitir\u00e1 realizar ajustes y modificaciones detalladas. Adem\u00e1s, puede\u00a0<strong>integrar ReCap Pro con Autodesk Navisworks<\/strong>\u00a0para enriquecer y combinar sus datos, lo que resulta en una comprensi\u00f3n m\u00e1s completa del proyecto y una mejor colaboraci\u00f3n con otros miembros del equipo.<\/p>\n<p>En definitiva, ReCap Pro ofrece\u00a0<strong>una potente herramienta que permite crear dise\u00f1os digitales detallados a partir de objetos existentes.<\/strong>\u00a0Gracias a su flujo de trabajo intuitivo y a sus funciones avanzadas, podr\u00e1 trabajar de forma eficaz en el levantamiento topogr\u00e1fico, la renovaci\u00f3n y la construcci\u00f3n de diversos proyectos de edificaci\u00f3n e infraestructuras. Adem\u00e1s, tiene la flexibilidad de personalizar a\u00fan m\u00e1s su dise\u00f1o e integrarlo perfectamente con otro software de Autodesk.<\/p>\n<p>&nbsp;<\/p>\n<h4>\u00bfQu\u00e9 nuevas funciones tiene Recap Pro?<\/h4>\n<ul>\n<li><strong>Extracci\u00f3n de elementos lineales:<\/strong>\u00a0Introduce en Recap Pro herramientas avanzadas para definir, refinar y extraer objetos lineales a partir de datos de nubes de puntos. Permite obtener informaci\u00f3n precisa sobre pavimentos, cunetas y otros elementos lineales, lo que resulta \u00fatil a la hora de dise\u00f1ar carreteras y proyectos de infraestructuras.<\/li>\n<li><strong>Mejoras en los datos de escaneado y exploraci\u00f3n:<\/strong>\u00a0Las mejoras de escaneado y datos de escaneado de Recap Pro (2024) optimizan la experiencia de escaneado y el procesamiento de los datos de escaneado.<br \/>\nLas mejoras incluyen la gesti\u00f3n de clasificaci\u00f3n ampliada y la clasificaci\u00f3n autom\u00e1tica del terreno para todos los tipos de escaneado. Adem\u00e1s, se ha a\u00f1adido compatibilidad con la importaci\u00f3n de escaneos Faro premium y se ha mejorado la calidad RealView de los escaneos Faro. Estas mejoras aumentan la precisi\u00f3n, la eficacia y la comprensi\u00f3n de los entornos escaneados en Recap Pro.<\/li>\n<\/ul>\n","protected":false},"excerpt":{"rendered":"<p>&nbsp;<\/p>\n<p><b>Caracter\u00edsticas<\/b><strong>:<\/strong><\/p>\n<ul>\n<li><strong>Versi\u00f3n<\/strong>: Es posible descargar cualquier versi\u00f3n completa del software entre los a\u00f1os 2021-2024.<\/li>\n<li>Descarga desde la web oficial de Autodesk, incluyendo actualizaciones.<\/li>\n<li>Duraci\u00f3n de 1 a\u00f1o desde la activaci\u00f3n, es compatible con Mac\/Windows y permite la activaci\u00f3n en 1 PC.<\/li>\n<\/ul>\n","protected":false},"featured_media":2728,"comment_status":"closed","ping_status":"closed","template":"","meta":[],"product_brand":[],"product_cat":[34],"product_tag":[],"class_list":{"0":"post-1917","1":"product","2":"type-product","3":"status-publish","4":"has-post-thumbnail","6":"product_cat-autodesk","8":"first","9":"instock","10":"virtual","11":"taxable","12":"purchasable","13":"product-type-simple"},"jetpack_sharing_enabled":true,"_links":{"self":[{"href":"https:\/\/licenciasexpress.cl\/index.php?rest_route=\/wp\/v2\/product\/1917","targetHints":{"allow":["GET"]}}],"collection":[{"href":"https:\/\/licenciasexpress.cl\/index.php?rest_route=\/wp\/v2\/product"}],"about":[{"href":"https:\/\/licenciasexpress.cl\/index.php?rest_route=\/wp\/v2\/types\/product"}],"replies":[{"embeddable":true,"href":"https:\/\/licenciasexpress.cl\/index.php?rest_route=%2Fwp%2Fv2%2Fcomments&post=1917"}],"wp:featuredmedia":[{"embeddable":true,"href":"https:\/\/licenciasexpress.cl\/index.php?rest_route=\/wp\/v2\/media\/2728"}],"wp:attachment":[{"href":"https:\/\/licenciasexpress.cl\/index.php?rest_route=%2Fwp%2Fv2%2Fmedia&parent=1917"}],"wp:term":[{"taxonomy":"product_brand","embeddable":true,"href":"https:\/\/licenciasexpress.cl\/index.php?rest_route=%2Fwp%2Fv2%2Fproduct_brand&post=1917"},{"taxonomy":"product_cat","embeddable":true,"href":"https:\/\/licenciasexpress.cl\/index.php?rest_route=%2Fwp%2Fv2%2Fproduct_cat&post=1917"},{"taxonomy":"product_tag","embeddable":true,"href":"https:\/\/licenciasexpress.cl\/index.php?rest_route=%2Fwp%2Fv2%2Fproduct_tag&post=1917"}],"curies":[{"name":"wp","href":"https:\/\/api.w.org\/{rel}","templated":true}]}}