{"id":1915,"date":"2025-04-07T03:32:32","date_gmt":"2025-04-07T03:32:32","guid":{"rendered":"https:\/\/licenciasexpress.cl\/?post_type=product&#038;p=1915"},"modified":"2026-04-21T19:55:49","modified_gmt":"2026-04-21T19:55:49","slug":"autodesk-fusion-360","status":"publish","type":"product","link":"https:\/\/licenciasexpress.cl\/?product=autodesk-fusion-360","title":{"rendered":"Autodesk Fusion 360 &#8211; 12 Meses"},"content":{"rendered":"<p>Activaci\u00f3n mediante email (Nos puedes proporcionar tu direcci\u00f3n de email asociada a Autodesk, y la licencia quedara enlazada a ese correo, o si lo prefieres, nosotros te asignamos una).<\/p>\n<p><strong>Al momento de realizar la compra, d\u00e9janos el email registrado en Autodesk en el apartado \u00abNotas\u00bb.\u00a0 Si no posees uno, debes avisarnos en el mismo recuadro.<\/strong><\/p>\n<p>La activaci\u00f3n de la licencia se realiza en un plazo m\u00e1ximo de 24 horas.<\/p>\n<p>&nbsp;<\/p>\n<h4 class=\"field-label\">Descripci\u00f3n del producto<\/h4>\n<div class=\"field-items\">\n<div class=\"field-item even\">\n<p>Autodesk<sup>\u00ae<\/sup>\u00a0Fusion 360 es un software para 3D CAD, CAM y CAE compatible con la nube para el dise\u00f1o conceptual de modelos con forma libre o t\u00e9cnicas de modelado s\u00f3lido y para compartirlos con colaboradores.<\/p>\n<p>Esta donaci\u00f3n ofrece una suscripci\u00f3n de un a\u00f1o a Fusion 360 para que un usuario instale y ejecute el software en un solo ordenador y 25 GB de almacenamiento en la nube A360.<\/p>\n<p>&nbsp;<\/p>\n<h4>Beneficios para Organizaciones<\/h4>\n<p>Si usted tiene experiencia con software CAD, puede utilizar Fusion 360 para dise\u00f1ar, simular, y colaborar en dise\u00f1os con otros miembros de su equipo para ofrece capacitaci\u00f3n en CAD a integrantes.<\/p>\n<p>&nbsp;<\/p>\n<h4>Principales Prestaciones<\/h4>\n<ul>\n<li><strong>Dise\u00f1o iterativo:<\/strong>\u00a0Puede crear dise\u00f1os con forma libre, s\u00f3lidos, param\u00e9tricos, o modelado de malla.<\/li>\n<li><strong>Simulaciones integradas:<\/strong>\u00a0Fusion 360 le permite comprobar y validar sus dise\u00f1os con completas herramientas de simulaci\u00f3n.<\/li>\n<li><strong>Fabricaci\u00f3n de dise\u00f1o:<\/strong>\u00a0Puede crear sendas de herramientas para la mecanizaci\u00f3n de componentes con flujos de trabajo de impresi\u00f3n en 3D o el espacio de trabajo CAM.<\/li>\n<li><strong>Colaboraci\u00f3n y administraci\u00f3n:<\/strong>\u00a0Fusion 360 permite a su equipo colaborar en dise\u00f1os, dar seguimiento a cambios, y guardar archivos en la nube.<\/li>\n<\/ul>\n<p>Vea la lista completa de\u00a0<a href=\"http:\/\/www.autodesk.com\/products\/fusion-360\/features\" target=\"_blank\" rel=\"noopener\">caracter\u00edsticas<\/a>.<\/p>\n<\/div>\n<\/div>\n","protected":false},"excerpt":{"rendered":"<p>&nbsp;<\/p>\n<p><b>Caracter\u00edsticas<\/b><strong>:<\/strong><\/p>\n<ul>\n<li><strong>Versi\u00f3n<\/strong>: Es posible descargar cualquier versi\u00f3n completa del software entre los a\u00f1os 2021-2024.<\/li>\n<li>Descarga desde la web oficial de Autodesk, incluyendo actualizaciones.<\/li>\n<li>Duraci\u00f3n de 1 a\u00f1o desde la activaci\u00f3n, es compatible con Mac\/Windows y permite la activaci\u00f3n en 1 PC.<\/li>\n<\/ul>\n","protected":false},"featured_media":2726,"comment_status":"closed","ping_status":"closed","template":"","meta":[],"product_brand":[],"product_cat":[34],"product_tag":[],"class_list":{"0":"post-1915","1":"product","2":"type-product","3":"status-publish","4":"has-post-thumbnail","6":"product_cat-autodesk","8":"first","9":"instock","10":"virtual","11":"taxable","12":"purchasable","13":"product-type-simple"},"jetpack_sharing_enabled":true,"_links":{"self":[{"href":"https:\/\/licenciasexpress.cl\/index.php?rest_route=\/wp\/v2\/product\/1915","targetHints":{"allow":["GET"]}}],"collection":[{"href":"https:\/\/licenciasexpress.cl\/index.php?rest_route=\/wp\/v2\/product"}],"about":[{"href":"https:\/\/licenciasexpress.cl\/index.php?rest_route=\/wp\/v2\/types\/product"}],"replies":[{"embeddable":true,"href":"https:\/\/licenciasexpress.cl\/index.php?rest_route=%2Fwp%2Fv2%2Fcomments&post=1915"}],"wp:featuredmedia":[{"embeddable":true,"href":"https:\/\/licenciasexpress.cl\/index.php?rest_route=\/wp\/v2\/media\/2726"}],"wp:attachment":[{"href":"https:\/\/licenciasexpress.cl\/index.php?rest_route=%2Fwp%2Fv2%2Fmedia&parent=1915"}],"wp:term":[{"taxonomy":"product_brand","embeddable":true,"href":"https:\/\/licenciasexpress.cl\/index.php?rest_route=%2Fwp%2Fv2%2Fproduct_brand&post=1915"},{"taxonomy":"product_cat","embeddable":true,"href":"https:\/\/licenciasexpress.cl\/index.php?rest_route=%2Fwp%2Fv2%2Fproduct_cat&post=1915"},{"taxonomy":"product_tag","embeddable":true,"href":"https:\/\/licenciasexpress.cl\/index.php?rest_route=%2Fwp%2Fv2%2Fproduct_tag&post=1915"}],"curies":[{"name":"wp","href":"https:\/\/api.w.org\/{rel}","templated":true}]}}