{"id":1908,"date":"2023-09-26T17:17:20","date_gmt":"2023-09-26T17:17:20","guid":{"rendered":"https:\/\/licenciasexpress.cl\/?post_type=product&#038;p=1908"},"modified":"2026-02-26T00:10:38","modified_gmt":"2026-02-26T00:10:38","slug":"autodesk-3ds-max","status":"publish","type":"product","link":"https:\/\/licenciasexpress.cl\/?product=autodesk-3ds-max","title":{"rendered":"Autodesk 3DS MAX &#8211; 12 Meses"},"content":{"rendered":"<p>Activaci\u00f3n mediante email (Nos puedes proporcionar tu direcci\u00f3n de email asociada a Autodesk, y la licencia quedara enlazada a ese correo, o si lo prefieres, nosotros te asignamos una).<\/p>\n<p><strong>Al momento de realizar la compra, d\u00e9janos el email registrado en Autodesk en el apartado \u00abNotas\u00bb.\u00a0 Si no posees uno, debes avisarnos en el mismo recuadro.<\/strong><\/p>\n<p>La activaci\u00f3n de la licencia se realiza en un plazo m\u00e1ximo de 24 horas.<\/p>\n<p>&nbsp;<\/p>\n<div class=\"fusion-fullwidth fullwidth-box fusion-builder-row-8 nonhundred-percent-fullwidth non-hundred-percent-height-scrolling\">\n<div class=\"fusion-builder-row fusion-row\">\n<div class=\"fusion-layout-column fusion_builder_column fusion-builder-column-9 fusion_builder_column_1_1 1_1 fusion-one-full fusion-column-first fusion-column-last\">\n<div class=\"fusion-column-wrapper fusion-flex-column-wrapper-legacy\">\n<div class=\"fusion-title title fusion-title-2 fusion-sep-none fusion-title-text fusion-title-size-two\">\n<h4 class=\"title-heading-left\">Software de renderizaci\u00f3n, animaci\u00f3n y de modelado 3D<\/h4>\n<p>&nbsp;<\/p>\n<\/div>\n<div class=\"fusion-clearfix\">\n<div class=\"fusion-title title fusion-title-3 fusion-sep-none fusion-title-text fusion-title-size-three\">\n<h4 class=\"title-heading-left\">Principales caracter\u00edsticas<\/h4>\n<\/div>\n<div class=\"fusion-text fusion-text-1\">\n<p>Autodesk 3ds Max\u00ae, el software de modelado y renderizaci\u00f3n en 3D, te ayuda a crear grandes mundos en juegos, escenas impactantes para la visualizaci\u00f3n y contagiosas experiencias de realidad virtual.<\/p>\n<p>Da vida a los personajes y los entornos en menos tiempo con el software de animaci\u00f3n 3D personalizable y colaborativo 3ds Max, desarrollado para los profesionales del dise\u00f1o y entretenimiento. Produce dibujos CAD 2D exactos que sean f\u00e1ciles de editar, readaptar y compartir, y todo ello con la fiabilidad de la tecnolog\u00eda TrustedDWG.<\/p>\n<\/div>\n<\/div>\n<\/div>\n<\/div>\n<\/div>\n<\/div>\n<div class=\"fusion-fullwidth fullwidth-box fusion-builder-row-9 nonhundred-percent-fullwidth non-hundred-percent-height-scrolling\">\n<div class=\"fusion-builder-row fusion-row\">\n<div class=\"fusion-layout-column fusion_builder_column fusion-builder-column-10 fusion_builder_column_1_3 1_3 fusion-one-third fusion-column-first\">\n<div class=\"fusion-column-wrapper fusion-flex-column-wrapper-legacy\">\n<div class=\"fusion-column-content-centered\">\n<div class=\"fusion-column-content\">\n<div class=\"fusion-image-element fusion-image-align-center in-legacy-container\"><\/div>\n<\/div>\n<\/div>\n<\/div>\n<\/div>\n<\/div>\n<\/div>\n","protected":false},"excerpt":{"rendered":"<p><b>Caracter\u00edsticas<\/b><strong>:<\/strong><\/p>\n<ul>\n<li><strong>Versi\u00f3n<\/strong>: Es posible descargar cualquier versi\u00f3n completa del software entre los a\u00f1os 2021-2024.<\/li>\n<li>Descarga desde la web oficial de Autodesk, incluyendo actualizaciones.<\/li>\n<li>Duraci\u00f3n de 1 a\u00f1o desde la activaci\u00f3n, es compatible con Mac\/Windows y permite la activaci\u00f3n en 1 PC.<\/li>\n<\/ul>\n","protected":false},"featured_media":2724,"comment_status":"closed","ping_status":"closed","template":"","meta":[],"product_brand":[],"product_cat":[34],"product_tag":[],"class_list":{"0":"post-1908","1":"product","2":"type-product","3":"status-publish","4":"has-post-thumbnail","6":"product_cat-autodesk","8":"first","9":"instock","10":"virtual","11":"taxable","12":"purchasable","13":"product-type-simple"},"jetpack_sharing_enabled":true,"_links":{"self":[{"href":"https:\/\/licenciasexpress.cl\/index.php?rest_route=\/wp\/v2\/product\/1908","targetHints":{"allow":["GET"]}}],"collection":[{"href":"https:\/\/licenciasexpress.cl\/index.php?rest_route=\/wp\/v2\/product"}],"about":[{"href":"https:\/\/licenciasexpress.cl\/index.php?rest_route=\/wp\/v2\/types\/product"}],"replies":[{"embeddable":true,"href":"https:\/\/licenciasexpress.cl\/index.php?rest_route=%2Fwp%2Fv2%2Fcomments&post=1908"}],"wp:featuredmedia":[{"embeddable":true,"href":"https:\/\/licenciasexpress.cl\/index.php?rest_route=\/wp\/v2\/media\/2724"}],"wp:attachment":[{"href":"https:\/\/licenciasexpress.cl\/index.php?rest_route=%2Fwp%2Fv2%2Fmedia&parent=1908"}],"wp:term":[{"taxonomy":"product_brand","embeddable":true,"href":"https:\/\/licenciasexpress.cl\/index.php?rest_route=%2Fwp%2Fv2%2Fproduct_brand&post=1908"},{"taxonomy":"product_cat","embeddable":true,"href":"https:\/\/licenciasexpress.cl\/index.php?rest_route=%2Fwp%2Fv2%2Fproduct_cat&post=1908"},{"taxonomy":"product_tag","embeddable":true,"href":"https:\/\/licenciasexpress.cl\/index.php?rest_route=%2Fwp%2Fv2%2Fproduct_tag&post=1908"}],"curies":[{"name":"wp","href":"https:\/\/api.w.org\/{rel}","templated":true}]}}