{"id":1764,"date":"2023-08-19T23:29:34","date_gmt":"2023-08-19T23:29:34","guid":{"rendered":"https:\/\/licenciasexpress.cl\/?post_type=product&#038;p=1764"},"modified":"2025-10-19T02:48:45","modified_gmt":"2025-10-19T02:48:45","slug":"suscripcion-iptv","status":"publish","type":"product","link":"https:\/\/licenciasexpress.cl\/?product=suscripcion-iptv","title":{"rendered":"Suscripci\u00f3n IPTV"},"content":{"rendered":"<div class=\"elementor-element elementor-element-7519902 elementor-widget elementor-widget-heading\" data-id=\"7519902\" data-element_type=\"widget\" data-widget_type=\"heading.default\">\n<div class=\"elementor-widget-container\">\n<h2>IPTV La televisi\u00f3n del futuro<br \/>\n\u00a1Disfruta del mejor IPTV al mejor precio!<\/h2>\n<p>&nbsp;<\/p>\n<h4>Olv\u00eddate de los Cables<\/h4>\n<p>Descubre la mejor opci\u00f3n para disfrutar de televisi\u00f3n premium sin cortes ni interrupciones. En nuestra plataforma, garantizamos una experiencia de visualizaci\u00f3n fluida y sin ca\u00eddas. \u00a1Y eso no es todo! Todos los pedidos que realices se activar\u00e1n de forma inmediata, para que puedas empezar a disfrutar de tu contenido favorito en segundos.<\/p>\n<p>&nbsp;<\/p>\n<\/div>\n<div class=\"elementor-widget-container\">\n<h4>\u00bfQue incluye?<\/h4>\n<p>Contamos con m\u00e1s de 2.500 canales en vivo (Canales premium, nacionales, de deporte y cine), 10.000 pel\u00edculas y 500 series actualizadas d\u00eda a d\u00eda. En nuestra demo podr\u00e1s ver todo esto desde aplicaciones como Smarters Player.<\/p>\n<\/div>\n<\/div>\n<p>&nbsp;<\/p>\n<div class=\"elementor-element elementor-element-7519902 elementor-widget elementor-widget-heading\" data-id=\"7519902\" data-element_type=\"widget\" data-widget_type=\"heading.default\">\n<div class=\"elementor-widget-container\">\n<h4>\u00bfComo funciona?<\/h4>\n<p>Una vez realizada la compra y recibidas tus credenciales, debes descargar la aplicaci\u00f3n \u00abSmarters Player\u00bb, la cual se encuentra para ser descargada en todas las tiendas de los dispositivos compatibles.<\/p>\n<\/div>\n<\/div>\n<p>&nbsp;<\/p>\n<div class=\"elementor-element elementor-element-7519902 elementor-widget elementor-widget-heading\" data-id=\"7519902\" data-element_type=\"widget\" data-widget_type=\"heading.default\">\n<div class=\"elementor-widget-container\">\n<h4 class=\"elementor-heading-title elementor-size-default\">Contenido premium y actualizado<\/h4>\n<\/div>\n<\/div>\n<div class=\"elementor-element elementor-element-78d57c0 elementor-widget elementor-widget-text-editor\" data-id=\"78d57c0\" data-element_type=\"widget\" data-widget_type=\"text-editor.default\">\n<div class=\"elementor-widget-container\">\u00bfTu serie o pel\u00edcula favorita ha sido lanzada en una plataforma de streaming? \u00a1No te preocupes, nosotros la tenemos! Gracias a nuestro proveedor especializado en IPTV, trabajamos arduamente para ofrecerte el mejor contenido. Podr\u00e1s disfrutarlo el mismo d\u00eda de su estreno o en los siguientes d\u00edas.<\/div>\n<\/div>\n<div><\/div>\n<div><\/div>\n<div>\n<div class=\"elementor-element elementor-element-92cb42e elementor-widget elementor-widget-heading\" data-id=\"92cb42e\" data-element_type=\"widget\" data-widget_type=\"heading.default\">\n<div class=\"elementor-widget-container\">\n<h2 class=\"elementor-heading-title elementor-size-medium\" style=\"text-align: center;\">Somos el servicio m\u00e1s estable de Latinoam\u00e9rica<\/h2>\n<\/div>\n<\/div>\n<div class=\"elementor-element elementor-element-6910e35 elementor-widget elementor-widget-wd_text_block\" data-id=\"6910e35\" data-element_type=\"widget\" data-widget_type=\"wd_text_block.default\">\n<div class=\"elementor-widget-container\">\n<div class=\"wd-text-block reset-last-child text-center\"><\/div>\n<\/div>\n<\/div>\n<\/div>\n","protected":false},"excerpt":{"rendered":"<p>&nbsp;<\/p>\n<p><b>Caracter\u00edsticas<\/b><strong>:<\/strong><\/p>\n<p>&nbsp;<\/p>\n<ul>\n<li><strong>Compatibilidad<\/strong>: Roku, Smart TV, Sistema Android, Sistema iOS, Windows, Mac, y aplicaciones que puedan abrir listas m3u como VLC.<\/li>\n<li><strong>Requisito:<\/strong> Puedes ver desde cualquier rinc\u00f3n del mundo, con tan solo una conexi\u00f3n a Internet m\u00ednima de 10mbps. \u00a1No importa d\u00f3nde te encuentres, siempre podr\u00e1s acceder a nuestra amplia selecci\u00f3n de canales y contenido!<\/li>\n<li>Una suscripci\u00f3n es para 1 dispositivo.<\/li>\n<li><strong>\u00a1Solicita tu prueba de 2 hrs de forma gratuita!<\/strong><\/li>\n<\/ul>\n","protected":false},"featured_media":1765,"comment_status":"closed","ping_status":"closed","template":"","meta":[],"product_brand":[],"product_cat":[39],"product_tag":[],"class_list":{"0":"post-1764","1":"product","2":"type-product","3":"status-publish","4":"has-post-thumbnail","6":"product_cat-iptv","8":"first","9":"instock","10":"taxable","11":"shipping-taxable","12":"purchasable","13":"product-type-variable"},"jetpack_sharing_enabled":true,"_links":{"self":[{"href":"https:\/\/licenciasexpress.cl\/index.php?rest_route=\/wp\/v2\/product\/1764","targetHints":{"allow":["GET"]}}],"collection":[{"href":"https:\/\/licenciasexpress.cl\/index.php?rest_route=\/wp\/v2\/product"}],"about":[{"href":"https:\/\/licenciasexpress.cl\/index.php?rest_route=\/wp\/v2\/types\/product"}],"replies":[{"embeddable":true,"href":"https:\/\/licenciasexpress.cl\/index.php?rest_route=%2Fwp%2Fv2%2Fcomments&post=1764"}],"wp:featuredmedia":[{"embeddable":true,"href":"https:\/\/licenciasexpress.cl\/index.php?rest_route=\/wp\/v2\/media\/1765"}],"wp:attachment":[{"href":"https:\/\/licenciasexpress.cl\/index.php?rest_route=%2Fwp%2Fv2%2Fmedia&parent=1764"}],"wp:term":[{"taxonomy":"product_brand","embeddable":true,"href":"https:\/\/licenciasexpress.cl\/index.php?rest_route=%2Fwp%2Fv2%2Fproduct_brand&post=1764"},{"taxonomy":"product_cat","embeddable":true,"href":"https:\/\/licenciasexpress.cl\/index.php?rest_route=%2Fwp%2Fv2%2Fproduct_cat&post=1764"},{"taxonomy":"product_tag","embeddable":true,"href":"https:\/\/licenciasexpress.cl\/index.php?rest_route=%2Fwp%2Fv2%2Fproduct_tag&post=1764"}],"curies":[{"name":"wp","href":"https:\/\/api.w.org\/{rel}","templated":true}]}}