{"id":1724,"date":"2023-08-11T01:51:25","date_gmt":"2023-08-11T01:51:25","guid":{"rendered":"https:\/\/licenciasexpress.cl\/?post_type=product&#038;p=1724"},"modified":"2025-07-31T05:39:40","modified_gmt":"2025-07-31T05:39:40","slug":"autodesk-revit","status":"publish","type":"product","link":"https:\/\/licenciasexpress.cl\/?product=autodesk-revit","title":{"rendered":"Autodesk Revit &#8211; 12 Meses"},"content":{"rendered":"<p>Activaci\u00f3n mediante email (Nos puedes proporcionar tu direcci\u00f3n de email asociada a Autodesk, y la licencia quedara enlazada a ese correo, o si lo prefieres, nosotros te asignamos una).<\/p>\n<p><strong>Al momento de realizar la compra, d\u00e9janos el email registrado en Autodesk en el apartado \u00abNotas\u00bb.\u00a0 Si no posees uno, debes avisarnos en el mismo recuadro.<\/strong><\/p>\n<p>La activaci\u00f3n de la licencia se realiza en un plazo m\u00e1ximo de 24 horas.<\/p>\n<h4><\/h4>\n<h4>Revit &#8211; La elecci\u00f3n de los profesionales<\/h4>\n<p>Revit es una herramienta esencial para arquitectos y dise\u00f1adores. Su capacidad para modelar y visualizar edificios en 3D es incomparable. Su funcionalidad de seguimiento de cambios ayuda a coordinar equipos y proyectos. Con Revit, puedes llevar tus dise\u00f1os al siguiente nivel.<\/p>\n<p>&nbsp;<\/p>\n<h4>Adquiere tu licencia hoy<\/h4>\n<p>Con la compra de Revit, tendr\u00e1s acceso a las \u00faltimas actualizaciones y soporte t\u00e9cnico. Asegura la eficacia y eficiencia de tu trabajo con una licencia v\u00e1lida. No esperes m\u00e1s, adquiere hoy tu licencia de Revit y da un salto en tu carrera profesional.<\/p>\n<p>&nbsp;<\/p>\n<h4>Revit &#8211; Innovaci\u00f3n a tu alcance<\/h4>\n<p>El software Revit ofrece una gran cantidad de funciones innovadoras. Su tecnolog\u00eda BIM (Building Information Modeling) permite una planificaci\u00f3n y construcci\u00f3n eficiente. Con Revit, puedes dise\u00f1ar, construir y mantener edificios de alta calidad con facilidad.<\/p>\n<p>&nbsp;<\/p>\n<h4>Potencializa tu trabajo<\/h4>\n<p>Revit ofrece herramientas que pueden transformar tu proceso de dise\u00f1o. Desde la creaci\u00f3n de planos arquitect\u00f3nicos hasta la visualizaci\u00f3n de edificios en 3D, Revit puede hacerlo todo. Descubre el verdadero potencial de tu trabajo con Revit.<\/p>\n<p>&nbsp;<\/p>\n<h4>Mas informaci\u00f3n<\/h4>\n<p>Para obtener m\u00e1s informaci\u00f3n sobre Revit 2024, visita el\u00a0<a href=\"https:\/\/www.autodesk.com\/products\/revit\/overview\" target=\"_blank\" rel=\"noopener\">sitio oficial<\/a><\/p>\n","protected":false},"excerpt":{"rendered":"<p>&nbsp;<\/p>\n<p><b>Caracter\u00edsticas<\/b><strong>:<\/strong><\/p>\n<ul>\n<li><strong>Versi\u00f3n<\/strong>: Es posible descargar cualquier versi\u00f3n completa del software entre los a\u00f1os 2021-2024.<\/li>\n<li>Descarga desde la web oficial de Autodesk, incluyendo actualizaciones.<\/li>\n<li>Duraci\u00f3n de 1 a\u00f1o desde la activaci\u00f3n, es compatible con Mac\/Windows y permite la activaci\u00f3n en 1 PC.<\/li>\n<\/ul>\n","protected":false},"featured_media":2729,"comment_status":"closed","ping_status":"closed","template":"","meta":[],"product_brand":[],"product_cat":[34],"product_tag":[],"class_list":{"0":"post-1724","1":"product","2":"type-product","3":"status-publish","4":"has-post-thumbnail","6":"product_cat-autodesk","8":"first","9":"instock","10":"virtual","11":"taxable","12":"purchasable","13":"product-type-simple"},"jetpack_sharing_enabled":true,"_links":{"self":[{"href":"https:\/\/licenciasexpress.cl\/index.php?rest_route=\/wp\/v2\/product\/1724","targetHints":{"allow":["GET"]}}],"collection":[{"href":"https:\/\/licenciasexpress.cl\/index.php?rest_route=\/wp\/v2\/product"}],"about":[{"href":"https:\/\/licenciasexpress.cl\/index.php?rest_route=\/wp\/v2\/types\/product"}],"replies":[{"embeddable":true,"href":"https:\/\/licenciasexpress.cl\/index.php?rest_route=%2Fwp%2Fv2%2Fcomments&post=1724"}],"wp:featuredmedia":[{"embeddable":true,"href":"https:\/\/licenciasexpress.cl\/index.php?rest_route=\/wp\/v2\/media\/2729"}],"wp:attachment":[{"href":"https:\/\/licenciasexpress.cl\/index.php?rest_route=%2Fwp%2Fv2%2Fmedia&parent=1724"}],"wp:term":[{"taxonomy":"product_brand","embeddable":true,"href":"https:\/\/licenciasexpress.cl\/index.php?rest_route=%2Fwp%2Fv2%2Fproduct_brand&post=1724"},{"taxonomy":"product_cat","embeddable":true,"href":"https:\/\/licenciasexpress.cl\/index.php?rest_route=%2Fwp%2Fv2%2Fproduct_cat&post=1724"},{"taxonomy":"product_tag","embeddable":true,"href":"https:\/\/licenciasexpress.cl\/index.php?rest_route=%2Fwp%2Fv2%2Fproduct_tag&post=1724"}],"curies":[{"name":"wp","href":"https:\/\/api.w.org\/{rel}","templated":true}]}}