{"id":1711,"date":"2023-08-10T12:47:43","date_gmt":"2023-08-10T12:47:43","guid":{"rendered":"https:\/\/licenciasexpress.cl\/?post_type=product&#038;p=1711"},"modified":"2026-04-23T13:00:27","modified_gmt":"2026-04-23T13:00:27","slug":"autodesk-autocad","status":"publish","type":"product","link":"https:\/\/licenciasexpress.cl\/?product=autodesk-autocad","title":{"rendered":"Autodesk AutoCAD &#8211; 12 Meses"},"content":{"rendered":"<p>Activaci\u00f3n mediante email (Nos puedes proporcionar tu direcci\u00f3n de email asociada a Autodesk, y la licencia quedara enlazada a ese correo, o si lo prefieres, nosotros te asignamos una).<\/p>\n<p><strong>Al momento de realizar la compra, d\u00e9janos el email registrado en AutoCAD en el apartado \u00abNotas\u00bb.\u00a0 Si no posees uno, debes avisarnos en el mismo recuadro.<\/strong><\/p>\n<p>La activaci\u00f3n de la licencia se realiza en un plazo m\u00e1ximo de 24 horas.<\/p>\n<p>&nbsp;<\/p>\n<h4>AutoCAD &#8211; Caracter\u00edsticas y Funcionalidades<\/h4>\n<p>AutoCAD es una herramienta de dise\u00f1o asistido por computadora. Con esta licencia, podr\u00e1s obtener acceso a potentes herramientas de modelado y dibujo en 2D y 3D. Un software imprescindible para arquitectos, ingenieros y profesionales del dise\u00f1o.<\/p>\n<p>&nbsp;<\/p>\n<h4>\u00bfPor qu\u00e9 es importante para tu trabajo?<\/h4>\n<p>Este software es esencial para crear dise\u00f1os precisos y detallados. Te permite trabajar en colaboraci\u00f3n con tu equipo y modificar los dise\u00f1os en tiempo real. Adem\u00e1s, te ayuda a evitar errores de dise\u00f1o y a mejorar la productividad.<\/p>\n<p>&nbsp;<\/p>\n<h4>AutoCAD &#8211; Compatibilidad y Requisitos del Sistema<\/h4>\n<p>AutoCAD 2023 es compatible con sistemas operativos Windows y Mac. Necesitar\u00e1s al menos 8GB de RAM y 10GB de espacio en disco para instalarlo. Recuerda que es necesario tener una conexi\u00f3n a internet para acceder a las funciones en l\u00ednea.<\/p>\n<p>&nbsp;<\/p>\n<h4>Adquiere tu licencia hoy mismo<\/h4>\n<p>No esperes m\u00e1s y adquiere tu licencia de AutoCAD. Con esta podr\u00e1s tener acceso a todas las funciones y herramientas que necesitas para llevar tus proyectos al siguiente nivel. \u00a1Compra ahora y comienza a dise\u00f1ar de manera profesional!<\/p>\n<p>&nbsp;<\/p>\n<h4>M\u00e1s informaci\u00f3n<\/h4>\n<p>Para m\u00e1s informaci\u00f3n, puedes visitar el sitio oficial de AutoCAD haciendo clic\u00a0<a href=\"https:\/\/www.autodesk.com\/products\/autocad\/overview\">aqu\u00ed<\/a>.<\/p>\n","protected":false},"excerpt":{"rendered":"<p>&nbsp;<\/p>\n<p><b>Caracter\u00edsticas<\/b><strong>:<\/strong><\/p>\n<ul>\n<li><strong>Versi\u00f3n<\/strong>: Es posible descargar cualquier versi\u00f3n completa del software entre los a\u00f1os 2021-2024.<\/li>\n<li>Descarga desde la web oficial de Autodesk, incluyendo actualizaciones.<\/li>\n<li>Duraci\u00f3n de 1 a\u00f1o desde la activaci\u00f3n, es compatible con Mac\/Windows y permite la activaci\u00f3n en 1 PC.<\/li>\n<li>Incluye AutoCAD est\u00e1ndar, Architecture, Electrical, MEP, Map 3D, Mechanical, Plant 3D y Raster Design.<\/li>\n<\/ul>\n","protected":false},"featured_media":2720,"comment_status":"closed","ping_status":"closed","template":"","meta":[],"product_brand":[],"product_cat":[34],"product_tag":[],"class_list":{"0":"post-1711","1":"product","2":"type-product","3":"status-publish","4":"has-post-thumbnail","6":"product_cat-autodesk","8":"first","9":"instock","10":"virtual","11":"taxable","12":"purchasable","13":"product-type-simple"},"jetpack_sharing_enabled":true,"_links":{"self":[{"href":"https:\/\/licenciasexpress.cl\/index.php?rest_route=\/wp\/v2\/product\/1711","targetHints":{"allow":["GET"]}}],"collection":[{"href":"https:\/\/licenciasexpress.cl\/index.php?rest_route=\/wp\/v2\/product"}],"about":[{"href":"https:\/\/licenciasexpress.cl\/index.php?rest_route=\/wp\/v2\/types\/product"}],"replies":[{"embeddable":true,"href":"https:\/\/licenciasexpress.cl\/index.php?rest_route=%2Fwp%2Fv2%2Fcomments&post=1711"}],"wp:featuredmedia":[{"embeddable":true,"href":"https:\/\/licenciasexpress.cl\/index.php?rest_route=\/wp\/v2\/media\/2720"}],"wp:attachment":[{"href":"https:\/\/licenciasexpress.cl\/index.php?rest_route=%2Fwp%2Fv2%2Fmedia&parent=1711"}],"wp:term":[{"taxonomy":"product_brand","embeddable":true,"href":"https:\/\/licenciasexpress.cl\/index.php?rest_route=%2Fwp%2Fv2%2Fproduct_brand&post=1711"},{"taxonomy":"product_cat","embeddable":true,"href":"https:\/\/licenciasexpress.cl\/index.php?rest_route=%2Fwp%2Fv2%2Fproduct_cat&post=1711"},{"taxonomy":"product_tag","embeddable":true,"href":"https:\/\/licenciasexpress.cl\/index.php?rest_route=%2Fwp%2Fv2%2Fproduct_tag&post=1711"}],"curies":[{"name":"wp","href":"https:\/\/api.w.org\/{rel}","templated":true}]}}