{"id":1580,"date":"2023-06-28T01:33:02","date_gmt":"2023-06-28T01:33:02","guid":{"rendered":"https:\/\/licenciasexpress.cl\/?post_type=product&#038;p=1580"},"modified":"2024-09-27T15:55:42","modified_gmt":"2024-09-27T15:55:42","slug":"microsoft-visio-2021","status":"publish","type":"product","link":"https:\/\/licenciasexpress.cl\/?product=microsoft-visio-2021","title":{"rendered":"Microsoft Visio 2021"},"content":{"rendered":"<h4>Licencia Visio 2021 Professional<\/h4>\n<p>&nbsp;<\/p>\n<ul>\n<li>Visio Professional 2021 es un software profesional que se utiliza para dibujar diagramas de flujo, organigramas y esquemas en un entorno empresarial, y que incluye varias plantillas de dibujo predise\u00f1adas con un flujo de trabajo intuitivo.<\/li>\n<li>Este software no est\u00e1 incluido en el paquete de Office profesional plus.<\/li>\n<li>Cuando abres Visio Professional 2021 se abre la p\u00e1gina de Featured, con una lista de varios documentos nuevos que utilizan diferentes tipos de plantillas, desde el flujo de servicios hasta en objetos arquitect\u00f3nicos y proyectos de ingenier\u00eda.<\/li>\n<\/ul>\n<p>&nbsp;<\/p>\n<h4>\u00bfQu\u00e9 nuevas adquisiciones veremos en Visio Professional 2021?<\/h4>\n<ul>\n<li>Fue agregado un nuevo campo de entrada en el cuadro de di\u00e1logo colores para los valores de color hexadecimal, ya no tendr\u00e1s que perder tiempo convirtiendo los valores de color hexadecimales en valores RGB.<\/li>\n<li>Para cualquier propiedad, en la que puedas definir un color, ahora puedes ingresar un valor de color Hex en el cuadro Hex, por ejemplo, #0F5D32 o 332. Adem\u00e1s se ha trabajado en las correcciones generales de rendimiento y estabilidad.<\/li>\n<li>Posee plantillas mejoradas de UML y ERD. Y se contin\u00faan haciendo mejoras visuales y funcionales en este tipo de plantillas en esta nueva y reciente versi\u00f3n.<\/li>\n<li>Puedes experimentar un nuevo estilo claro y limpio de iconograf\u00eda mona l\u00ednea, la cual se encarga de comunicar acciones y funciones a trav\u00e9s de im\u00e1genes simples en Visio.<\/li>\n<\/ul>\n<p>&nbsp;<\/p>\n<p>Solo disponible para Windows 10\/11<\/p>\n","protected":false},"excerpt":{"rendered":"<p>&nbsp;<\/p>\n<p><strong>Caracteristicas:<\/strong><\/p>\n<p>&nbsp;<\/p>\n<p><strong>Versi\u00f3n<\/strong>: Microsoft Visio Professional 2021<\/p>\n<p>&nbsp;<\/p>\n<p>Serial de 25 Caracteres (XXXXX-XXXXX-XXXXX-XXXXX-XXXXX)<\/p>\n<p>&nbsp;<\/p>\n<p>Permite la activaci\u00f3n en 1 PC y la duraci\u00f3n del producto es hasta que formatees o cambies el equipo.<\/p>\n<p>&nbsp;<\/p>\n<p><strong>Producto con entrega inmediata.<\/strong><\/p>\n<p>&nbsp;<\/p>\n","protected":false},"featured_media":2732,"comment_status":"closed","ping_status":"closed","template":"","meta":[],"product_brand":[],"product_cat":[21],"product_tag":[],"class_list":{"0":"post-1580","1":"product","2":"type-product","3":"status-publish","4":"has-post-thumbnail","6":"product_cat-office","8":"first","9":"instock","10":"taxable","11":"shipping-taxable","12":"purchasable","13":"product-type-variable"},"jetpack_sharing_enabled":true,"_links":{"self":[{"href":"https:\/\/licenciasexpress.cl\/index.php?rest_route=\/wp\/v2\/product\/1580","targetHints":{"allow":["GET"]}}],"collection":[{"href":"https:\/\/licenciasexpress.cl\/index.php?rest_route=\/wp\/v2\/product"}],"about":[{"href":"https:\/\/licenciasexpress.cl\/index.php?rest_route=\/wp\/v2\/types\/product"}],"replies":[{"embeddable":true,"href":"https:\/\/licenciasexpress.cl\/index.php?rest_route=%2Fwp%2Fv2%2Fcomments&post=1580"}],"wp:featuredmedia":[{"embeddable":true,"href":"https:\/\/licenciasexpress.cl\/index.php?rest_route=\/wp\/v2\/media\/2732"}],"wp:attachment":[{"href":"https:\/\/licenciasexpress.cl\/index.php?rest_route=%2Fwp%2Fv2%2Fmedia&parent=1580"}],"wp:term":[{"taxonomy":"product_brand","embeddable":true,"href":"https:\/\/licenciasexpress.cl\/index.php?rest_route=%2Fwp%2Fv2%2Fproduct_brand&post=1580"},{"taxonomy":"product_cat","embeddable":true,"href":"https:\/\/licenciasexpress.cl\/index.php?rest_route=%2Fwp%2Fv2%2Fproduct_cat&post=1580"},{"taxonomy":"product_tag","embeddable":true,"href":"https:\/\/licenciasexpress.cl\/index.php?rest_route=%2Fwp%2Fv2%2Fproduct_tag&post=1580"}],"curies":[{"name":"wp","href":"https:\/\/api.w.org\/{rel}","templated":true}]}}