{"id":1454,"date":"2023-06-21T23:08:59","date_gmt":"2023-06-21T23:08:59","guid":{"rendered":"https:\/\/licenciasexpress.cl\/?post_type=product&#038;p=1454"},"modified":"2025-11-18T15:33:22","modified_gmt":"2025-11-18T15:33:22","slug":"windows-10-pro","status":"publish","type":"product","link":"https:\/\/licenciasexpress.cl\/?product=windows-10-pro","title":{"rendered":"Windows 10 Professional"},"content":{"rendered":"<p>Windows 10 Pro incluye todas las funciones de Windows 10 Home, as\u00ed como funciones comerciales para el cifrado, el inicio de sesi\u00f3n remoto, la creaci\u00f3n de m\u00e1quinas virtuales y m\u00e1s.<\/p>\n<p>&nbsp;<\/p>\n<p><strong>La clave del producto y las instrucciones se env\u00edan\u00a0despu\u00e9s de la compra de este producto.<\/strong><\/p>\n<p>&nbsp;<\/p>\n<p>Windows 10 es su socio para hacer que las cosas sucedan. Consiga una puesta en marcha m\u00e1s r\u00e1pida, un men\u00fa de inicio familiar pero ampliado y nuevas formas de hacer las cosas incluso en varios dispositivos. Tambi\u00e9n te encantar\u00e1n las funciones innovadoras como un navegador completamente nuevo creado para la acci\u00f3n en l\u00ednea, adem\u00e1s de Cortana, el asistente digital personal que te ayuda a lo largo del d\u00eda. *<\/p>\n<p>&nbsp;<\/p>\n<p>* Cortana disponible en mercados selectos en el momento del lanzamiento; la experiencia puede variar seg\u00fan la regi\u00f3n y el dispositivo<\/p>\n<p>&nbsp;<\/p>\n<p>Windows 10. Haz grandes cosas.<\/p>\n<p>&nbsp;<\/p>\n<ul>\n<li>El men\u00fa Inicio est\u00e1 de vuelta y mejor que nunca para que pueda expandirlo y personalizarlo.<\/li>\n<li>R\u00e1pido y receptivo. Tecnolog\u00edas como InstantGo * le permiten iniciar y reanudar r\u00e1pidamente.<\/li>\n<li>Cortana ** es el asistente personal que aprende con el tiempo para volverse m\u00e1s \u00fatil para usted.<\/li>\n<li>Toque, escriba, bol\u00edgrafo ***. Elija lo que funcione mejor para lo que est\u00e1 haciendo.<\/li>\n<li>Windows 10 viene con aplicaciones (fotos, mapas, videos musicales y m\u00e1s) que funcionan en todos sus dispositivos.<\/li>\n<li>Escriba o escriba directamente en p\u00e1ginas web y comparta f\u00e1cilmente las marcas con amigos.<\/li>\n<li>Coloque hasta cuatro aplicaciones en la pantalla y cree nuevos escritorios para obtener m\u00e1s espacio. \u00danase al dominio de su empresa o escuela para acceder f\u00e1cilmente a archivos de red, servidores e impresoras<\/li>\n<\/ul>\n","protected":false},"excerpt":{"rendered":"<p><strong>Caracteristicas:<\/strong><\/p>\n<p>&nbsp;<\/p>\n<p><strong>Versi\u00f3n<\/strong>: Windows 10 Pro<\/p>\n<p>&nbsp;<\/p>\n<p>Se te proporciona un serial de 25 Caracteres (XXXXX-XXXXX-XXXXX-XXXXX-XXXXX)<\/p>\n<p>&nbsp;<\/p>\n<p>Permite la activaci\u00f3n en 1 PC y dura hasta que se formatea o cambias de equipo.<\/p>\n","protected":false},"featured_media":2755,"comment_status":"closed","ping_status":"closed","template":"","meta":[],"product_brand":[],"product_cat":[29],"product_tag":[],"class_list":{"0":"post-1454","1":"product","2":"type-product","3":"status-publish","4":"has-post-thumbnail","6":"product_cat-windows","8":"first","9":"outofstock","10":"virtual","11":"taxable","12":"purchasable","13":"product-type-simple"},"jetpack_sharing_enabled":true,"_links":{"self":[{"href":"https:\/\/licenciasexpress.cl\/index.php?rest_route=\/wp\/v2\/product\/1454","targetHints":{"allow":["GET"]}}],"collection":[{"href":"https:\/\/licenciasexpress.cl\/index.php?rest_route=\/wp\/v2\/product"}],"about":[{"href":"https:\/\/licenciasexpress.cl\/index.php?rest_route=\/wp\/v2\/types\/product"}],"replies":[{"embeddable":true,"href":"https:\/\/licenciasexpress.cl\/index.php?rest_route=%2Fwp%2Fv2%2Fcomments&post=1454"}],"wp:featuredmedia":[{"embeddable":true,"href":"https:\/\/licenciasexpress.cl\/index.php?rest_route=\/wp\/v2\/media\/2755"}],"wp:attachment":[{"href":"https:\/\/licenciasexpress.cl\/index.php?rest_route=%2Fwp%2Fv2%2Fmedia&parent=1454"}],"wp:term":[{"taxonomy":"product_brand","embeddable":true,"href":"https:\/\/licenciasexpress.cl\/index.php?rest_route=%2Fwp%2Fv2%2Fproduct_brand&post=1454"},{"taxonomy":"product_cat","embeddable":true,"href":"https:\/\/licenciasexpress.cl\/index.php?rest_route=%2Fwp%2Fv2%2Fproduct_cat&post=1454"},{"taxonomy":"product_tag","embeddable":true,"href":"https:\/\/licenciasexpress.cl\/index.php?rest_route=%2Fwp%2Fv2%2Fproduct_tag&post=1454"}],"curies":[{"name":"wp","href":"https:\/\/api.w.org\/{rel}","templated":true}]}}