{"id":1452,"date":"2023-06-21T23:06:49","date_gmt":"2023-06-21T23:06:49","guid":{"rendered":"https:\/\/licenciasexpress.cl\/?post_type=product&#038;p=1452"},"modified":"2024-07-17T17:48:39","modified_gmt":"2024-07-17T17:48:39","slug":"norton-security-1-ano-1-dispositivo","status":"publish","type":"product","link":"https:\/\/licenciasexpress.cl\/?product=norton-security-1-ano-1-dispositivo","title":{"rendered":"Norton Security &#8211; 1 A\u00f1o &#8211; 1 Dispositivo"},"content":{"rendered":"<p>Norton Security Premium es una soluci\u00f3n de seguridad integral para su dispositivo y sus datos.<\/p>\n<p>&nbsp;<\/p>\n<p>Con la tecnolog\u00eda avanzada de Norton, protege contra virus, spyware, malware y otras amenazas en l\u00ednea. Adem\u00e1s, cuenta con un firewall de nivel empresarial para bloquear intrusiones no deseadas, y una gesti\u00f3n de contrase\u00f1as para ayudar a mantener seguras todas sus cuentas en l\u00ednea.<\/p>\n<p>&nbsp;<\/p>\n<p>Norton Security Premium es f\u00e1cil de usar y ofrece una experiencia de usuario intuitiva, para que pueda centrarse en lo que es importante para usted. En resumen, Norton Security Premium es la elecci\u00f3n perfecta para aquellos que buscan una protecci\u00f3n s\u00f3lida y completa para sus dispositivos y datos importantes.<\/p>\n<p>&nbsp;<\/p>\n<p>Norton Security Premium es compatible con los siguientes sistemas operativos:<\/p>\n<ul>\n<li>Windows: Windows 10 (todas las versiones), Windows 8\/8.1 (todas las versiones), Windows 7 (todas las versiones) con Service Pack 1 (SP 1) o posterior<\/li>\n<li>Mac: macOS X 10.14 o posterior<\/li>\n<\/ul>\n","protected":false},"excerpt":{"rendered":"<p><strong>Caracteristicas:<\/strong><\/p>\n<p>&nbsp;<\/p>\n<p><strong>Versi\u00f3n<\/strong>: Norton Security<\/p>\n<p>&nbsp;<\/p>\n<p>Serial de 25 Caracteres (XXXXX-XXXXX-XXXXX-XXXXX-XXXXX)<\/p>\n<p>&nbsp;<\/p>\n<p>Permite la activaci\u00f3n en 1 PC y tiene una duraci\u00f3n de 1 a\u00f1o<\/p>\n","protected":false},"featured_media":3554,"comment_status":"closed","ping_status":"closed","template":"","meta":[],"product_brand":[],"product_cat":[30],"product_tag":[],"class_list":{"0":"post-1452","1":"product","2":"type-product","3":"status-publish","4":"has-post-thumbnail","6":"product_cat-antivirus","8":"first","9":"instock","10":"virtual","11":"taxable","12":"purchasable","13":"product-type-simple"},"jetpack_sharing_enabled":true,"_links":{"self":[{"href":"https:\/\/licenciasexpress.cl\/index.php?rest_route=\/wp\/v2\/product\/1452","targetHints":{"allow":["GET"]}}],"collection":[{"href":"https:\/\/licenciasexpress.cl\/index.php?rest_route=\/wp\/v2\/product"}],"about":[{"href":"https:\/\/licenciasexpress.cl\/index.php?rest_route=\/wp\/v2\/types\/product"}],"replies":[{"embeddable":true,"href":"https:\/\/licenciasexpress.cl\/index.php?rest_route=%2Fwp%2Fv2%2Fcomments&post=1452"}],"wp:featuredmedia":[{"embeddable":true,"href":"https:\/\/licenciasexpress.cl\/index.php?rest_route=\/wp\/v2\/media\/3554"}],"wp:attachment":[{"href":"https:\/\/licenciasexpress.cl\/index.php?rest_route=%2Fwp%2Fv2%2Fmedia&parent=1452"}],"wp:term":[{"taxonomy":"product_brand","embeddable":true,"href":"https:\/\/licenciasexpress.cl\/index.php?rest_route=%2Fwp%2Fv2%2Fproduct_brand&post=1452"},{"taxonomy":"product_cat","embeddable":true,"href":"https:\/\/licenciasexpress.cl\/index.php?rest_route=%2Fwp%2Fv2%2Fproduct_cat&post=1452"},{"taxonomy":"product_tag","embeddable":true,"href":"https:\/\/licenciasexpress.cl\/index.php?rest_route=%2Fwp%2Fv2%2Fproduct_tag&post=1452"}],"curies":[{"name":"wp","href":"https:\/\/api.w.org\/{rel}","templated":true}]}}