{"id":1448,"date":"2023-06-21T23:00:33","date_gmt":"2023-06-21T23:00:33","guid":{"rendered":"https:\/\/licenciasexpress.cl\/?post_type=product&#038;p=1448"},"modified":"2026-01-19T18:52:40","modified_gmt":"2026-01-19T18:52:40","slug":"mcafee-internet-security-1-ano-10-dispositivos","status":"publish","type":"product","link":"https:\/\/licenciasexpress.cl\/?product=mcafee-internet-security-1-ano-10-dispositivos","title":{"rendered":"McAfee Internet Security &#8211; 1 a\u00f1o \u2013 10 Dispositivos"},"content":{"rendered":"<p>McAfee\u00ae Internet Security brinda protecci\u00f3n confiable contra virus e identidad para sus PC, Mac, tel\u00e9fonos inteligentes y tabletas, para que pueda navegar, comprar y usar la banca por Internet de forma segura en l\u00ednea. Obtiene todas las cosas importantes como navegaci\u00f3n web segura, seguridad de firewall, la aplicaci\u00f3n True Key y m\u00e1s.<\/p>\n<p>&nbsp;<\/p>\n<p>MCAFEE INTERNET SECURITY 2023: \u00a1PROTECCI\u00d3N PARA TODOS LOS DISPOSITIVOS!<\/p>\n<p>&nbsp;<\/p>\n<p>McAfee Internet Security combina la galardonada nube antivirus con la seguridad en l\u00ednea inteligente en una soluci\u00f3n de software conveniente para proteger todos los dispositivos. Aseg\u00farese usted y su familia con la mejor<strong> seguridad<\/strong> que McAfee tiene para ofrecer. \u00bfLa caracter\u00edstica que hace que esta soluci\u00f3n de seguridad sea \u00fanica? <strong>administrador de contrase\u00f1as<\/strong>; seguridad biom\u00e9trica, b\u00f3veda segura de contrase\u00f1as e inicio de sesi\u00f3n instant\u00e1neo y seguro en sus sitios web y aplicaciones favoritos para todos sus dispositivos.<\/p>\n<p>&nbsp;<\/p>\n<p>McAfee Internet Security protege 1 dispositivos durante 1 a\u00f1o.<\/p>\n<p>&nbsp;<\/p>\n<p><strong>Los dispositivos compatibles incluyen: Windows, Mac OS, Android e iOS.<\/strong><\/p>\n<p>&nbsp;<\/p>\n<p>\u00a1UN PAQUETE COMPLETO QUE PROTEJE SU DISPOSITIVO!<\/p>\n<p>&nbsp;<\/p>\n<p>Administre su dispositivo de forma f\u00e1cil y sencilla desde la consola de McAfee. Internet Security es la mejor soluci\u00f3n de seguridad para su PC, tableta y dispositivos m\u00f3viles habituales.<\/p>\n<p>&nbsp;<\/p>\n<p>El cortafuegos personal proporciona protecci\u00f3n que se adapta a sus necesidades. Supervisa su red y revisa la informaci\u00f3n que se intercambia dentro de su red. Si el Firewall detecta un comportamiento sospechoso, lo bloquear\u00e1 autom\u00e1ticamente. De esa manera, sus programas son seguros y los usuarios malintencionados no pueden robar sus datos importantes.<\/p>\n<p>&nbsp;<\/p>\n<p>Gracias al filtro antispam avanzado, ya no recibir\u00e1 correos electr\u00f3nicos no solicitados. El m\u00f3dulo Anti-Spam detecta y bloquea autom\u00e1ticamente los correos electr\u00f3nicos que lo exponen a malware. Los correos electr\u00f3nicos sospechosos que soliciten informaci\u00f3n personal tambi\u00e9n se bloquear\u00e1n autom\u00e1ticamente. De esta manera, sus datos importantes no pueden filtrarse, no infecta inadvertidamente otras computadoras y no comparte su informaci\u00f3n con terceros.<\/p>\n<p>&nbsp;<\/p>\n<p>Realice b\u00fasquedas seguras con SiteAdvisor y evite que acceda a sitios web peligrosos o descargue archivos infectados. La extensi\u00f3n de la barra de b\u00fasqueda segura evita que aparezcan sitios web inapropiados en los resultados de b\u00fasqueda. SiteAdvisor le brinda indicaciones visuales sobre qu\u00e9 tan seguros son los resultados del motor de b\u00fasqueda.<\/p>\n<p>&nbsp;<\/p>\n<p>McAfee tambi\u00e9n te ayuda con la protecci\u00f3n de las Redes Sociales. Obtiene una calificaci\u00f3n codificada por colores para los enlaces publicados en sitios de redes sociales como Facebook.<\/p>\n<p>&nbsp;<\/p>\n<p>MANTENGA SU DISPOSITIVO M\u00d3VIL SEGURO.<\/p>\n<p>&nbsp;<\/p>\n<p>Proteja su tel\u00e9fono m\u00f3vil con las amplias funciones que ofrece la aplicaci\u00f3n. Por ejemplo, puede almacenar, restaurar o eliminar de forma remota informaci\u00f3n personal de un tel\u00e9fono m\u00f3vil perdido. Obtiene una actualizaci\u00f3n de la ubicaci\u00f3n de su tel\u00e9fono perdido cuando la bater\u00eda est\u00e1 baja. Una caracter\u00edstica \u00fatil es que puede encontrar su tel\u00e9fono perdido y bloquearlo de forma remota con su cuenta centralizada de McAfee. La aplicaci\u00f3n tambi\u00e9n le permite enviar la ubicaci\u00f3n de su tel\u00e9fono robado y una foto del ladr\u00f3n a su cuenta.<\/p>\n<p>&nbsp;<\/p>\n<p>En t\u00e9rminos de contenido, McAfee Mobile Security lo protege de aplicaciones maliciosas. Esto evita la instalaci\u00f3n involuntaria de aplicaciones maliciosas en su tel\u00e9fono m\u00f3vil. Con su alto nivel de protecci\u00f3n de la privacidad, usted controla qu\u00e9 aplicaciones pueden acceder o cambiar los datos personales y las funciones del dispositivo. Puede proteger a\u00fan m\u00e1s sus aplicaciones con c\u00f3digos PIN para evitar que otros usuarios de su dispositivo accedan a ellas. La aplicaci\u00f3n tambi\u00e9n brinda soporte para limpiar su memoria. Cierra los programas no deseados en segundo plano para liberar memoria, trabajar m\u00e1s r\u00e1pido y ahorrar energ\u00eda.<\/p>\n<p>&nbsp;<\/p>\n<p>Con el Administrador de contrase\u00f1as, puede iniciar sesi\u00f3n sin una contrase\u00f1a. Inicias sesi\u00f3n de forma f\u00e1cil y r\u00e1pida con reconocimiento facial o tu huella dactilar. A trav\u00e9s de t\u00e9cnicas inteligentes, el administrador de contrase\u00f1as recuerda todas sus contrase\u00f1as e ingresa sus datos de inicio de sesi\u00f3n antes de que visite el sitio web correspondiente. Todas las contrase\u00f1as se almacenan localmente en su dispositivo y se sincronizan autom\u00e1ticamente con su perfil. Como resultado, el administrador de contrase\u00f1as sincroniza autom\u00e1ticamente las contrase\u00f1as entre los dispositivos que usan su cuenta.<\/p>\n<p>&nbsp;<\/p>\n","protected":false},"excerpt":{"rendered":"<p><strong>Caracteristicas:<\/strong><\/p>\n<p>&nbsp;<\/p>\n<p><strong>Versi\u00f3n<\/strong>: McAfee Internet Security<\/p>\n<p>&nbsp;<\/p>\n<p>Serial de 25 Caracteres (XXXXX-XXXXX-XXXXX-XXXXX-XXXXX)<\/p>\n<p>&nbsp;<\/p>\n<p>Permite la activaci\u00f3n en hasta 10 dispositivos y posee una duraci\u00f3n de 1 a\u00f1o.<\/p>\n<p>&nbsp;<\/p>\n<p><strong>Producto con entrega inmediata<\/strong><\/p>\n","protected":false},"featured_media":3555,"comment_status":"closed","ping_status":"closed","template":"","meta":[],"product_brand":[],"product_cat":[30],"product_tag":[],"class_list":{"0":"post-1448","1":"product","2":"type-product","3":"status-publish","4":"has-post-thumbnail","6":"product_cat-antivirus","8":"first","9":"instock","10":"featured","11":"virtual","12":"taxable","13":"purchasable","14":"product-type-simple"},"jetpack_sharing_enabled":true,"_links":{"self":[{"href":"https:\/\/licenciasexpress.cl\/index.php?rest_route=\/wp\/v2\/product\/1448","targetHints":{"allow":["GET"]}}],"collection":[{"href":"https:\/\/licenciasexpress.cl\/index.php?rest_route=\/wp\/v2\/product"}],"about":[{"href":"https:\/\/licenciasexpress.cl\/index.php?rest_route=\/wp\/v2\/types\/product"}],"replies":[{"embeddable":true,"href":"https:\/\/licenciasexpress.cl\/index.php?rest_route=%2Fwp%2Fv2%2Fcomments&post=1448"}],"wp:featuredmedia":[{"embeddable":true,"href":"https:\/\/licenciasexpress.cl\/index.php?rest_route=\/wp\/v2\/media\/3555"}],"wp:attachment":[{"href":"https:\/\/licenciasexpress.cl\/index.php?rest_route=%2Fwp%2Fv2%2Fmedia&parent=1448"}],"wp:term":[{"taxonomy":"product_brand","embeddable":true,"href":"https:\/\/licenciasexpress.cl\/index.php?rest_route=%2Fwp%2Fv2%2Fproduct_brand&post=1448"},{"taxonomy":"product_cat","embeddable":true,"href":"https:\/\/licenciasexpress.cl\/index.php?rest_route=%2Fwp%2Fv2%2Fproduct_cat&post=1448"},{"taxonomy":"product_tag","embeddable":true,"href":"https:\/\/licenciasexpress.cl\/index.php?rest_route=%2Fwp%2Fv2%2Fproduct_tag&post=1448"}],"curies":[{"name":"wp","href":"https:\/\/api.w.org\/{rel}","templated":true}]}}