{"id":1446,"date":"2023-06-21T22:54:33","date_gmt":"2023-06-21T22:54:33","guid":{"rendered":"https:\/\/licenciasexpress.cl\/?post_type=product&#038;p=1446"},"modified":"2025-05-18T23:03:06","modified_gmt":"2025-05-18T23:03:06","slug":"windows-11-pro","status":"publish","type":"product","link":"https:\/\/licenciasexpress.cl\/?product=windows-11-pro","title":{"rendered":"Windows 11 Professional"},"content":{"rendered":"<p>OBT\u00c9N UNA NUEVA PERSPECTIVA COMPRANDO WINDOWS 11 PRO<\/p>\n<p>&nbsp;<\/p>\n<p>Windows 11 ofrece un espacio tranquilo y creativo donde puedes encontrar nuevas experiencias para tus pasiones. Desde un nuevo men\u00fa Inicio hasta nuevas formas de conectarse con sus personas, mensajes, juegos y contenido favoritos, Windows 11 Home es un lugar donde puede pensar, crear y expresarse de forma natural.<\/p>\n<p>&nbsp;<\/p>\n<p>Si desea comprar<strong> una licencia de Windows 11 Pro<\/strong>,\u00a0le ofrecemos, como siempre, las mejores condiciones, incluida la entrega r\u00e1pida de las claves de licencia por correo.<\/p>\n<p>&nbsp;<\/p>\n<p>AUMENTE SU PRODUCTIVIDAD<\/p>\n<p>&nbsp;<\/p>\n<p>Acceda f\u00e1cilmente a todas las aplicaciones que necesita y realice m\u00faltiples tareas con herramientas como dise\u00f1os de instant\u00e1neas, escritorios y una nueva interfaz de rehacer m\u00e1s intuitiva.<\/p>\n<p>&nbsp;<\/p>\n<p>NUEVAS OPCIONES DE CONECTIVIDAD<\/p>\n<p>&nbsp;<\/p>\n<p>Con\u00e9ctese con sus seres queridos directamente desde su escritorio con Microsoft Teams. Llame o chatee gratis, sin importar qu\u00e9 dispositivo est\u00e9 usando.<\/p>\n<p>&nbsp;<\/p>\n<p>TU PROPIO CONTENIDO CON WINDOWS 11 PRO<\/p>\n<p>&nbsp;<\/p>\n<p>Mant\u00e9ngase actualizado sobre noticias, informaci\u00f3n y conversaciones r\u00e1pidamente con Microsoft Edge y una amplia selecci\u00f3n de widgets. Encuentre f\u00e1cilmente las aplicaciones y los programas que desea en la nueva tienda de Microsoft.<\/p>\n<p>&nbsp;<\/p>\n<p>TIEMPO DE JUEGO. EN CUALQUIER MOMENTO.<\/p>\n<p>&nbsp;<\/p>\n<p>Windows 11\u00a0lleva los juegos a un nivel completamente nuevo con gr\u00e1ficos que rivalizan con los reales. Descubre tu pr\u00f3ximo juego favorito con Xbox Game Pass, que te da acceso a m\u00e1s de 100 fant\u00e1sticos juegos (la membres\u00eda se vende por separado).<\/p>\n<p>&nbsp;<\/p>\n<p>UNA COMPUTADORA PARA TODOS NOSOTROS<\/p>\n<p>&nbsp;<\/p>\n<p>El nuevo Windows 11 Pro\u00a0est\u00e1 disponible en una amplia gama de dispositivos de nuestros socios y le brinda las \u00faltimas innovaciones en tecnolog\u00eda t\u00e1ctil, l\u00e1piz y voz. Para que pueda encontrar f\u00e1cilmente el mejor y m\u00e1s asequible dispositivo para usted.<\/p>\n<p>&nbsp;<\/p>\n<p>CU\u00c1LES SON LAS NUEVAS CARACTER\u00cdSTICAS?<\/p>\n<p>&nbsp;<\/p>\n<p>En el Explorador de archivos, los \u00edconos ahora son m\u00e1s peque\u00f1os y tienen una apariencia m\u00e1s agradable. Hay un bot\u00f3n de silencio para silenciar centralmente el micr\u00f3fono para todas las aplicaciones. Esto es \u00fatil si est\u00e1 en una videoconferencia y puede tener varias aplicaciones abiertas; entonces el micr\u00f3fono se silenciar\u00e1 centralmente. Otra caracter\u00edstica nueva de Windows 11 pro\u00a0es que si est\u00e1 trabajando con monitores externos en su computadora port\u00e1til, o si tiene dos monitores conectados a su computadora de escritorio, las aplicaciones se volver\u00e1n a abrir exactamente d\u00f3nde estaban antes de que las apagara o saliera. Esta es tambi\u00e9n una mejora significativa con respecto a Windows 10\u00a0.<\/p>\n<p>&nbsp;<\/p>\n<p>INSTALAR APLICACIONES DE ANDROID CON WINDOWS 11 PRO: \u00bfCU\u00c1LES SON LOS BENEFICIOS?<\/p>\n<p>&nbsp;<\/p>\n<p>Puede cambiar entre su tel\u00e9fono y su escritorio, porque entonces puede instalar aplicaciones que conoce de tel\u00e9fonos Android en Windows. Algunas aplicaciones solo est\u00e1n disponibles para Android pero no para Windows. As\u00ed que es algo conveniente de hacer. Solo hay un problema: los usuarios de iPhone, es decir, el mundo de Apple, no se benefician de esto, porque Apple sigue cerrando sus aplicaciones y escondi\u00e9ndolas detr\u00e1s de una pared artificial, por as\u00ed decirlo, en su tienda de aplicaciones.<\/p>\n<p>&nbsp;<\/p>\n<p><strong>Nota importante:<\/strong><\/p>\n<p>&nbsp;<\/p>\n<p>Windows 10 y Windows<strong> 11 Pro<\/strong>\u00a0seguir\u00e1n ejecut\u00e1ndose en paralelo. Windows 10 ser\u00e1 compatible hasta octubre de 2025. Eso probablemente se deba en parte a que Windows 11 aumenta los requisitos de hardware. Si su sistema no est\u00e1 listo para Windows 11 Home, todav\u00eda tiene algunos a\u00f1os. Incluso si no le gusta el aspecto de <strong>Windows 11<\/strong>, puede quedarse con Windows 10.<\/p>\n<p>&nbsp;<\/p>\n<p>ASPECTOS DESTACADOS DE WINDOWS 11<\/p>\n<p>&nbsp;<\/p>\n<p>Disfrute de las siguientes funciones nuevas comprando<strong> la licencia de Windows 11<\/strong>.<\/p>\n<p>&nbsp;<\/p>\n<ul>\n<li>El nuevo dise\u00f1o y los sonidos son modernos, frescos, limpios y hermosos, lo que le brinda una sensaci\u00f3n de calma y tranquilidad.<\/li>\n<li>Con Start, te hemos puesto a ti y a tu contenido primero. Start aprovecha el poder de la nube y Microsoft 365 para mostrarle sus archivos m\u00e1s recientes, sin importar en qu\u00e9 dispositivo los haya estado viendo.<\/li>\n<li>Los dise\u00f1os de Snap, los grupos de Snap y los escritorios brindan una forma a\u00fan m\u00e1s poderosa de realizar m\u00faltiples tareas y optimizar el espacio de su pantalla.<\/li>\n<li>El chat de Microsoft Teams, integrado en la barra de tareas, ofrece una forma m\u00e1s r\u00e1pida de conectarse con las personas que le importan.<\/li>\n<li>Widgets, una nueva fuente personalizada basada en inteligencia artificial, ofrece una forma m\u00e1s r\u00e1pida de acceder a la informaci\u00f3n que le interesa, y las caracter\u00edsticas de rendimiento, velocidad y productividad de clase mundial de Microsoft Edge le permiten hacer m\u00e1s en la web.<\/li>\n<li>Windows 11 ofrece el mejor Windows para juegos y aprovecha al m\u00e1ximo el hardware de su sistema con tecnolog\u00edas como DirectX12 Ultimate, DirectStorage y Auto HDR. Xbox Game Pass para PC o Ultimate te da acceso a m\u00e1s de 100 juegos de PC de alta calidad para jugar en Windows 11 por un bajo precio mensual. (Xbox Game Pass se vende por separado)<\/li>\n<li>Windows 11 incluye una nueva Microsoft Store con un dise\u00f1o completamente nuevo que hace que sea m\u00e1s f\u00e1cil encontrar y descubrir sus aplicaciones, juegos, programas y pel\u00edculas favoritos en un lugar familiar. Estamos emocionados de continuar nuestro viaje para llevar las aplicaciones de Android a Windows 11 y Microsoft Store a trav\u00e9s de nuestro trabajo con Amazon e Intel; esto comenzar\u00e1 con una vista previa para Windows Insiders en los pr\u00f3ximos meses.<\/li>\n<li>Windows 11 es la versi\u00f3n m\u00e1s inclusiva de Windows con nuevas mejoras de accesibilidad dise\u00f1adas para y por personas con discapacidades.<\/li>\n<li>Windows 11 abre nuevas oportunidades para desarrolladores y creadores. Estamos abriendo la Tienda para permitir que m\u00e1s desarrolladores y proveedores de software independientes (ISV) traigan sus aplicaciones a la Tienda, mejorando el desarrollo de aplicaciones nativas y web con nuevas herramientas para desarrolladores y facilitando la actualizaci\u00f3n de la apariencia de todos nuestros dise\u00f1os de aplicaciones y experiencias.<\/li>\n<li>Windows 11 est\u00e1 optimizado para brindar velocidad, eficiencia y experiencias mejoradas con el tacto, el l\u00e1piz digital y la entrada de voz.<\/li>\n<\/ul>\n<p>&nbsp;<\/p>\n<p>Windows 11 es el sistema operativo para el trabajo h\u00edbrido, que brinda nuevas experiencias que funcionan de la forma en que usted trabaja, son seguras y f\u00e1ciles de implementar y administrar para TI. Las organizaciones pueden obtener una vista previa de Windows 11 hoy en Azure Virtual Desktop o experimentar Windows 11 en el nuevo Windows 365 cuando est\u00e9 disponible de forma general<\/p>\n","protected":false},"excerpt":{"rendered":"<p><strong>Caracteristicas:<\/strong><\/p>\n<p>&nbsp;<\/p>\n<p><strong>Versi\u00f3n<\/strong>: Windows 11 Pro<\/p>\n<p>&nbsp;<\/p>\n<p>Se te proporciona un serial de 25 Caracteres (XXXXX-XXXXX-XXXXX-XXXXX-XXXXX)<\/p>\n<p>&nbsp;<\/p>\n<p>Permite la activaci\u00f3n en 1 PC y dura hasta que se formatea o cambias de equipo.<\/p>\n","protected":false},"featured_media":2757,"comment_status":"closed","ping_status":"closed","template":"","meta":[],"product_brand":[],"product_cat":[29],"product_tag":[],"class_list":{"0":"post-1446","1":"product","2":"type-product","3":"status-publish","4":"has-post-thumbnail","6":"product_cat-windows","8":"first","9":"outofstock","10":"virtual","11":"taxable","12":"purchasable","13":"product-type-simple"},"jetpack_sharing_enabled":true,"_links":{"self":[{"href":"https:\/\/licenciasexpress.cl\/index.php?rest_route=\/wp\/v2\/product\/1446","targetHints":{"allow":["GET"]}}],"collection":[{"href":"https:\/\/licenciasexpress.cl\/index.php?rest_route=\/wp\/v2\/product"}],"about":[{"href":"https:\/\/licenciasexpress.cl\/index.php?rest_route=\/wp\/v2\/types\/product"}],"replies":[{"embeddable":true,"href":"https:\/\/licenciasexpress.cl\/index.php?rest_route=%2Fwp%2Fv2%2Fcomments&post=1446"}],"wp:featuredmedia":[{"embeddable":true,"href":"https:\/\/licenciasexpress.cl\/index.php?rest_route=\/wp\/v2\/media\/2757"}],"wp:attachment":[{"href":"https:\/\/licenciasexpress.cl\/index.php?rest_route=%2Fwp%2Fv2%2Fmedia&parent=1446"}],"wp:term":[{"taxonomy":"product_brand","embeddable":true,"href":"https:\/\/licenciasexpress.cl\/index.php?rest_route=%2Fwp%2Fv2%2Fproduct_brand&post=1446"},{"taxonomy":"product_cat","embeddable":true,"href":"https:\/\/licenciasexpress.cl\/index.php?rest_route=%2Fwp%2Fv2%2Fproduct_cat&post=1446"},{"taxonomy":"product_tag","embeddable":true,"href":"https:\/\/licenciasexpress.cl\/index.php?rest_route=%2Fwp%2Fv2%2Fproduct_tag&post=1446"}],"curies":[{"name":"wp","href":"https:\/\/api.w.org\/{rel}","templated":true}]}}