{"id":1416,"date":"2023-06-27T03:35:15","date_gmt":"2023-06-27T03:35:15","guid":{"rendered":"https:\/\/licenciasexpress.cl\/?post_type=product&#038;p=1416"},"modified":"2026-04-24T22:17:30","modified_gmt":"2026-04-24T22:17:30","slug":"microsoft-office-365-5-dispositivos-cuenta","status":"publish","type":"product","link":"https:\/\/licenciasexpress.cl\/?product=microsoft-office-365-5-dispositivos-cuenta","title":{"rendered":"Microsoft Office 365 &#8211; Cuenta"},"content":{"rendered":"<p><strong>Cuando compre este producto,<\/strong><strong> recibir\u00e1 una direcci\u00f3n de correo electr\u00f3nico y una contrase\u00f1a de una cuenta, la cual ser\u00e1 100% suya.<\/strong><\/p>\n<p>&nbsp;<\/p>\n<p><strong>La direcci\u00f3n de correo electr\u00f3nico de la cuenta no se puede cambiar ya que la suscripci\u00f3n est\u00e1 vinculada a la direcci\u00f3n de correo electr\u00f3nico. Solo se puede cambiar la contrase\u00f1a de la cuenta.<\/strong><\/p>\n<p>&nbsp;<\/p>\n<p>Microsoft 365 es un servicio de suscripci\u00f3n que garantiza que siempre tenga las herramientas de productividad modernas m\u00e1s actualizadas de Microsoft. Incluye las s\u00f3lidas aplicaciones de escritorio de Office con las que est\u00e1 familiarizado, como Word, Excel, PowerPoint, Outlook, Publisher y Access.<\/p>\n<p>&nbsp;<\/p>\n<p>Microsoft 365 es la nube de productividad dise\u00f1ada para ayudarlo a perseguir su pasi\u00f3n y administrar su negocio. M\u00e1s que solo aplicaciones como Word, Excel, PowerPoint, Microsoft 365 re\u00fane las mejores aplicaciones de productividad de su clase con potentes servicios, administraci\u00f3n de dispositivos y seguridad avanzada en una sola experiencia conectada.<\/p>\n<p>&nbsp;<\/p>\n<p>Use el correo electr\u00f3nico y el calendario profesionales para comunicarse con clientes y compa\u00f1eros de trabajo donde sea que lo lleve el trabajo.<\/p>\n<p>&nbsp;<\/p>\n<p>Mantenga a su equipo en sinton\u00eda con chat grupal, reuniones en l\u00ednea y llamadas en Microsoft Teams, el centro para el trabajo en equipo.<\/p>\n<p>&nbsp;<\/p>\n<p>Ayude a proteger a sus empleados, sus datos y la informaci\u00f3n de sus clientes con seguridad avanzada y administraci\u00f3n de dispositivos.<\/p>\n<p>&nbsp;<\/p>\n<p>Microsoft 365, anteriormente Office\u00a0365, es una l\u00ednea de servicios de suscripci\u00f3n ofrecidos por Microsoft que agrega e incluye la l\u00ednea de productos de Microsoft\u00a0Office. La marca se lanz\u00f3 el 10 de julio de 2017 para un superconjunto de Office 365 con licencias Windows 10 Enterprise y otros productos de seguridad y administraci\u00f3n de dispositivos basados en la nube.<\/p>\n<p>&nbsp;<\/p>\n<p>El 21 de abril de 2020, los planes de consumo y peque\u00f1as empresas de Office 365 pasaron a llamarse\u00a0Microsoft 365\u00a0para enfatizar su inclusi\u00f3n actual de productos y servicios m\u00e1s all\u00e1 de la familia de software principal de Microsoft Office (incluidas las herramientas de productividad basadas en la nube y las caracter\u00edsticas de inteligencia artificial).<\/p>\n<p>&nbsp;<\/p>\n<p>Microsoft 365 abarca planes de suscripci\u00f3n que permiten el uso del conjunto de software de Microsoft Office durante la vigencia de la suscripci\u00f3n, as\u00ed como productos de software como servicio basados en la nube para entornos empresariales, como Exchange Server hospedado, Skype Empresarial Server y SharePoint, entre otros. Todos los planes incluyen actualizaciones autom\u00e1ticas de su software respectivo sin cargo adicional, a diferencia de las licencias convencionales para estos programas, donde las nuevas versiones requieren la compra de una nueva licencia.<\/p>\n<p>&nbsp;<\/p>\n<p>La marca Office 365 sigue en uso para los planes de suscripci\u00f3n dirigidos a algunos mercados empresariales.<\/p>\n<p>&nbsp;<\/p>\n","protected":false},"excerpt":{"rendered":"<p>&nbsp;<\/p>\n<p><b>Caracter\u00edsticas<\/b><strong>:<\/strong><\/p>\n<p>&nbsp;<\/p>\n<p><strong>Versi\u00f3n<\/strong>: Microsoft Office 365 &#8211; Compatible con Mac\/Windows<\/p>\n<p>&nbsp;<\/p>\n<p>Se te proporciona una cuenta, la cual ser\u00e1 de tu propiedad.<\/p>\n<p>&nbsp;<\/p>\n<p>Permite la activaci\u00f3n en hasta 5 dispositivos y tiene una duraci\u00f3n de 1 a\u00f1o<\/p>\n<p>&nbsp;<\/p>\n<p><strong>Producto con entrega inmediata<\/strong><\/p>\n","protected":false},"featured_media":2748,"comment_status":"closed","ping_status":"closed","template":"","meta":[],"product_brand":[],"product_cat":[21],"product_tag":[],"class_list":{"0":"post-1416","1":"product","2":"type-product","3":"status-publish","4":"has-post-thumbnail","6":"product_cat-office","8":"first","9":"instock","10":"featured","11":"virtual","12":"taxable","13":"purchasable","14":"product-type-simple"},"jetpack_sharing_enabled":true,"_links":{"self":[{"href":"https:\/\/licenciasexpress.cl\/index.php?rest_route=\/wp\/v2\/product\/1416","targetHints":{"allow":["GET"]}}],"collection":[{"href":"https:\/\/licenciasexpress.cl\/index.php?rest_route=\/wp\/v2\/product"}],"about":[{"href":"https:\/\/licenciasexpress.cl\/index.php?rest_route=\/wp\/v2\/types\/product"}],"replies":[{"embeddable":true,"href":"https:\/\/licenciasexpress.cl\/index.php?rest_route=%2Fwp%2Fv2%2Fcomments&post=1416"}],"wp:featuredmedia":[{"embeddable":true,"href":"https:\/\/licenciasexpress.cl\/index.php?rest_route=\/wp\/v2\/media\/2748"}],"wp:attachment":[{"href":"https:\/\/licenciasexpress.cl\/index.php?rest_route=%2Fwp%2Fv2%2Fmedia&parent=1416"}],"wp:term":[{"taxonomy":"product_brand","embeddable":true,"href":"https:\/\/licenciasexpress.cl\/index.php?rest_route=%2Fwp%2Fv2%2Fproduct_brand&post=1416"},{"taxonomy":"product_cat","embeddable":true,"href":"https:\/\/licenciasexpress.cl\/index.php?rest_route=%2Fwp%2Fv2%2Fproduct_cat&post=1416"},{"taxonomy":"product_tag","embeddable":true,"href":"https:\/\/licenciasexpress.cl\/index.php?rest_route=%2Fwp%2Fv2%2Fproduct_tag&post=1416"}],"curies":[{"name":"wp","href":"https:\/\/api.w.org\/{rel}","templated":true}]}}