{"id":3,"date":"2023-06-21T00:31:41","date_gmt":"2023-06-21T00:31:41","guid":{"rendered":"http:\/\/licenciasexpress.cl\/?page_id=3"},"modified":"2023-07-04T21:21:02","modified_gmt":"2023-07-04T21:21:02","slug":"politica-privacidad","status":"publish","type":"page","link":"https:\/\/licenciasexpress.cl\/?page_id=3","title":{"rendered":"Aviso legal"},"content":{"rendered":"\n<h5 class=\"wp-block-heading\">\u00bfSON<strong>&nbsp;LEGALES LAS LICENCIAS PARA PARTICULARES?<\/strong><\/h5>\n\n\n\n<p>Si, actuamos de acuerdo a la siguiente Normativa Europea: DIRECTIVA 2009\/24\/EC DEL PARLAMENTO EUROPEO Y DEL CONSEJO del 23 Abril 2009 en la protecci\u00f3n legal de programas de ordenador.<\/p>\n\n\n\n<p>La reventa fue aprobada por la jurisprudencia en interpretaci\u00f3n a esta directiva Europea.<br>El caso de la jurisprudencia es: Court of Justice of the European Union PRESS RELEASE No 94\/12<br>Luxembourg, 3 July 2012 Judgment in Case C-128\/11<\/p>\n\n\n\n<p>Aqu\u00ed tambi\u00e9n puedes encontrar un enlace con la explicaci\u00f3n de la interpretaci\u00f3n de la directiva respecto al caso judicial:&nbsp;<a href=\"http:\/\/www.iurismatica.com\/reventa-de-software-y-ampliacion-jurisprudencial-del-derecho-de-distribucion\/\">http:\/\/www.iurismatica.com\/reventa-de-software-y-ampliacion-jurisprudencial-del-derecho-de-distribucion\/<\/a><\/p>\n\n\n\n<p>El Tribunal de Justicia de la Uni\u00f3n Europea, ha tomado una decisi\u00f3n en favor de la comercializaci\u00f3n de licencias de software renovadas o de cualquier tipo. De acuerdo con esto, una vez al vendedor o distribuidor del software vende una copia de cualquier herramienta de software, autom\u00e1ticamente pierde sus derechos exclusivos de distribuci\u00f3n, por lo que es completamente legal para las empresas y los individuos volver a vender sus propias copias.<\/p>\n\n\n\n<p>Sin embargo, esta decisi\u00f3n s\u00f3lo afecta a los mercados europeos, ya que anteriores sentencias en los Estados Unidos siguieron una direcci\u00f3n completamente diferente. En el caso Vernor contra Autodesk, se estableci\u00f3 que los compradores estadounidenses compran la capacidad de utilizar una licencia, pero que no poseen el software.<\/p>\n\n\n\n<p>Como \u00f3rgano superior de justicia europeo, el Tribunal de Justicia Europeo (TJE) ha aclarado definitivamente con su sentencia la situaci\u00f3n legal del comercio con programas de ordenador usados, declarando la legitimidad fundamental de esta actividad.<\/p>\n\n\n\n<p>La sentencia del TJE tambi\u00e9n es aplicable a las licencias por volumen y a su divisi\u00f3n. Esto fue confirmado por la audiencia territorial de Fr\u00e1ncfort en un procedimiento entre Adobe y usedSoft.<\/p>\n\n\n\n<p>El TJE resolvi\u00f3 asimismo que el comercio de software usado tambi\u00e9n est\u00e1 autorizado en el caso de software transmitido a trav\u00e9s de Internet. El 17 de julio de 2013, el Tribunal Supremo alem\u00e1n confirm\u00f3 posteriormente la decisi\u00f3n de principio del TJE con respecto a las cuestiones jur\u00eddicas correspondientes en toda su extensi\u00f3n.<\/p>\n\n\n\n<p>En la fundamentaci\u00f3n de su sentencia, los 13 jueces de la C\u00e1mara Alta establecieron de manera inequ\u00edvoca que el principio de agotamiento es efectivo al venderse un programa de software por primera vez. El TJE decret\u00f3 incluso que, en el caso de las licencias transmitidas a trav\u00e9s de Internet, el comprador de segunda mano tiene derecho a descargar nuevamente el programa del servidor del fabricante. \u201cEl agotamiento del derecho de difusi\u00f3n se extiende adem\u00e1s a la copia del programa en la versi\u00f3n mejorada y actualizada por el titular de los derechos de propiedad\u201d, seg\u00fan el TJE. Con ello, la resoluci\u00f3n del Tribunal excedi\u00f3 claramente la conclusi\u00f3n definitiva del fiscal del TJE del 24 de abril de 2012.<\/p>\n\n\n\n<p>La sentencia del TJE fue promulgada a petici\u00f3n del Tribunal Supremo alem\u00e1n. En el pasado, los fabricantes de software han utilizado la ambig\u00fcedad parcial de las regulaciones legales precedentes para discriminar el comercio e intimidar enormemente a los clientes. En principio, la reventa de programas de ordenador ya utilizados ya era legal con anterioridad.<\/p>\n\n\n\n<p>Ahora, la sentencia del TJE establece la certeza jur\u00eddica a este respecto en toda la Uni\u00f3n Europea. Por tanto, es de esperar que el comercio de software usado comience ahora a crecer intensamente tambi\u00e9n fuera de Alemania (su \u201cpa\u00eds de origen\u201d) en los dem\u00e1s pa\u00edses de la UE. La empresa usedSoft ya opera en Austria, Polonia, la Rep\u00fablica Checa, Italia, Francia, Espa\u00f1a, los Estados del Benelux y Escandinavia.<\/p>\n\n\n\n<p>Las licencias por volumen tambi\u00e9n son legales, as\u00ed como su divisi\u00f3n.<\/p>\n\n\n\n<p>Las consecuencias ulteriores de la sentencia del TJE fueron confirmadas indiscutiblemente por una sentencia posterior de la audiencia territorial de Fr\u00e1ncfort en un litigio entre Adobe y usedSoft: la audiencia territorial de Fr\u00e1ncfort resolvi\u00f3 que la sentencia del TJE tambi\u00e9n es aplicable a los contratos de licencia por volumen y a su divisi\u00f3n. Un recurso presentado por Adobe fue rechazado en toda su extensi\u00f3n por el Tribunal Supremo alem\u00e1n el 11 de diciembre de 2014 (n\u00ba de expediente I ZR 8\/13). Con ello, la sentencia de la audiencia territorial fue confirmada en \u00faltima instancia.<\/p>\n\n\n\n<p>Y tambi\u00e9n en Suiza se produjo un dictamen jur\u00eddico positivo para el comercio de software usado, como esta sentencia confirma.<\/p>\n\n\n\n<h5 class=\"wp-block-heading\">NUESTRAS LICENCIAS<\/h5>\n\n\n\n<p>Nuestras licencias de Windows, Office, Antivirus, etc. son originales. Estas licencias\/claves son compradas a proveedores\/distribuidores\/resellers autorizados directos o indirectos que realizan compras en grandes vol\u00famenes&nbsp;<em><strong>(No confundir con claves de activaci\u00f3n por volumen)<\/strong><\/em>&nbsp;a empresas de tecnolog\u00eda, y que luego, revenden parte de las licencias compradas a un menor costo.<\/p>\n\n\n\n<p>La venta, reventa y distribuci\u00f3n de productos digitales es un acto completamente legal. No existe ning\u00fan art\u00edculo, ni en la ley chilena ni en los t\u00e9rminos de uso de cada programa que proh\u00edba la venta de las licencias ofrecidas en nuestro sitio web.<\/p>\n\n\n\n<p>Las licencias de nuestra tienda no provienen de&nbsp;<em><strong>\u201cKeygens\u201d<\/strong><\/em>,&nbsp;<em><strong>\u201cCracks\u201d<\/strong><\/em>,&nbsp;<em><strong>\u201cActivadores\u201d<\/strong><\/em>,&nbsp;<em><strong>\u201cServicios KMS\u201d<\/strong><\/em>&nbsp;o similares, no se necesita intervenir en los programas para que estas funcionen. Se activan y validan en los servidores del fabricante.<\/p>\n\n\n\n<p>Salvo que se especifique lo contrario, nosotros no estamos asociados a los desarrolladores de los programas vendidos en el sitio web y no formamos parte del canal de distribuci\u00f3n oficial de los mismos, por lo tanto no estamos ligados a sus pol\u00edticas de distribuci\u00f3n.<\/p>\n\n\n\n<h5 class=\"wp-block-heading\">DESCARGO DE RESPONSABILIDADES<\/h5>\n\n\n\n<p>En esta p\u00e1gina web solo se venden licencias de software de distintos distribuidores y\/o proveedores autorizados sean indirectos o directos o partners oficiales, por lo tanto, ninguna licencia es obtenida de keygens, cracks, activadores o servicios KMS, est\u00e1s se validan con el propio servidor de cada fabricante.<\/p>\n\n\n\n<p>Todos los productos vendidos en el sitio web de licenciasexpress.cl son originales y se activan utilizando el sistema oficial dispuesto por su fabricante. Nuestra empresa no vende programas crackeados ni promueve el uso de estos.<\/p>\n\n\n\n<p>Nuestros productos provienen, por lo general, de computadores reciclados o de empresas que realizan grandes compras a estas empresas de tecnolog\u00eda para luego revender. Por otro lado, no existe ning\u00fan art\u00edculo en la ley chilena que proh\u00edba la venta o reventa de los productos ofrecidos en licenciasexpress.cl<\/p>\n\n\n\n<p>Salvo que se especifique lo contrario, nosotros no estamos asociados a los desarrolladores de los productos vendidos en nuestro sitio web, por lo tanto, no manejamos los mismos precios, ofertas o pol\u00edticas.<\/p>\n\n\n\n<p>Usted al comprar en el sitio web acepta voluntariamente los t\u00e9rminos y condiciones de compra, declarando haber le\u00eddo y comprendido los puntos de cada uno de ellos.<\/p>\n\n\n\n<p>Nuestra empresa act\u00faa \u00fanicamente como distribuidor, revendedor o reseller. El funcionamiento correcto del software depender\u00e1 \u00fanicamente de su creador y, por lo tanto, licenciasexpress.cl no se hace responsable de cualquier p\u00e9rdida moral o material que provenga de un mal funcionamiento del programa.<\/p>\n","protected":false},"excerpt":{"rendered":"<p>\u00bfSON&nbsp;LEGALES LAS LICENCIAS PARA PARTICULARES? Si, actuamos de acuerdo a la siguiente Normativa Europea: DIRECTIVA 2009\/24\/EC DEL PARLAMENTO EUROPEO Y DEL CONSEJO del 23 Abril 2009 en la protecci\u00f3n legal de programas de ordenador. La reventa fue aprobada por la jurisprudencia en interpretaci\u00f3n a esta directiva Europea.El caso de la jurisprudencia es: Court of Justice [&hellip;]<\/p>\n","protected":false},"author":1,"featured_media":0,"parent":0,"menu_order":0,"comment_status":"closed","ping_status":"closed","template":"","meta":{"footnotes":""},"class_list":["post-3","page","type-page","status-publish","hentry"],"blocksy_meta":[],"jetpack_sharing_enabled":true,"_links":{"self":[{"href":"https:\/\/licenciasexpress.cl\/index.php?rest_route=\/wp\/v2\/pages\/3","targetHints":{"allow":["GET"]}}],"collection":[{"href":"https:\/\/licenciasexpress.cl\/index.php?rest_route=\/wp\/v2\/pages"}],"about":[{"href":"https:\/\/licenciasexpress.cl\/index.php?rest_route=\/wp\/v2\/types\/page"}],"author":[{"embeddable":true,"href":"https:\/\/licenciasexpress.cl\/index.php?rest_route=\/wp\/v2\/users\/1"}],"replies":[{"embeddable":true,"href":"https:\/\/licenciasexpress.cl\/index.php?rest_route=%2Fwp%2Fv2%2Fcomments&post=3"}],"version-history":[{"count":2,"href":"https:\/\/licenciasexpress.cl\/index.php?rest_route=\/wp\/v2\/pages\/3\/revisions"}],"predecessor-version":[{"id":1640,"href":"https:\/\/licenciasexpress.cl\/index.php?rest_route=\/wp\/v2\/pages\/3\/revisions\/1640"}],"wp:attachment":[{"href":"https:\/\/licenciasexpress.cl\/index.php?rest_route=%2Fwp%2Fv2%2Fmedia&parent=3"}],"curies":[{"name":"wp","href":"https:\/\/api.w.org\/{rel}","templated":true}]}}