{"id":1633,"date":"2023-07-04T21:11:35","date_gmt":"2023-07-04T21:11:35","guid":{"rendered":"https:\/\/licenciasexpress.cl\/?page_id=1633"},"modified":"2023-07-04T21:11:36","modified_gmt":"2023-07-04T21:11:36","slug":"politica-de-privacidad","status":"publish","type":"page","link":"https:\/\/licenciasexpress.cl\/?page_id=1633","title":{"rendered":"Pol\u00edtica de privacidad"},"content":{"rendered":"\n<h1 class=\"wp-block-heading has-medium-font-size\">RECOPILACI\u00d3N DE INFORMACI\u00d3N<\/h1>\n\n\n\n<p>S\u00f3lo recopilaremos informaci\u00f3n personal identificable (como nombre, t\u00edtulo, direcci\u00f3n, n\u00famero de tel\u00e9fono o direcci\u00f3n de correo electr\u00f3nico) que proporcione voluntariamente a trav\u00e9s de nuestro sitio web o por correspondencia por correo electr\u00f3nico. Recopilaremos informaci\u00f3n general (como el tipo de navegador que utilice, los archivos que solicite, el nombre de dominio y el pa\u00eds desde el que solicita informaci\u00f3n) para mejorar nuestro sitio Web y satisfacer mejor sus necesidades.<\/p>\n\n\n\n<h1 class=\"wp-block-heading has-medium-font-size\">USO DE LA INFORMACI\u00d3N<\/h1>\n\n\n\n<p>Antes de recopilar cualquier informaci\u00f3n de identificaci\u00f3n personal, le proporcionaremos una explicaci\u00f3n para el posible uso de sus datos. La informaci\u00f3n que usted suministra ser\u00e1 utilizada por nosotros para cumplir con sus pedidos de nuestros productos y servicios, responder a sus preguntas, proporcionarle informaci\u00f3n solicitada los productos y servicios. Tambi\u00e9n podemos utilizar la informaci\u00f3n para informarle sobre nuevas caracter\u00edsticas, productos o servicios si nos ha indicado expl\u00edcitamente que lo hagamos.<\/p>\n\n\n\n<h1 class=\"wp-block-heading has-medium-font-size\">OTRA INFORMACI\u00d3N IMPORTANTE<\/h1>\n\n\n\n<p>Este sitio web puede contener enlaces a otros sitios. No respaldamos ni aceptamos de otro modo la responsabilidad por el contenido ni las pol\u00edticas de privacidad de dichos sitios. Adem\u00e1s, algunas de nuestras p\u00e1ginas Web pueden contener \u00abcookies\u00bb, que son datos que pueden ser enviados a su navegador web y almacenados en su computadora. Esto permite que nuestro servidor \u00able reconozca\u00bb cuando visite nuestro sitio Web en el futuro. La mayor\u00eda de los navegadores Web se pueden configurar para no aceptar cookies o para notificarle si se le env\u00eda una cookie.<\/p>\n\n\n\n<p>Nos reservamos el derecho de modificar esta pol\u00edtica de privacidad en cualquier momento. Nosotros reflejaremos prontamente cualquier modificaci\u00f3n en estas p\u00e1ginas web.<\/p>\n\n\n\n<h1 class=\"wp-block-heading has-medium-font-size\">DERECHOS DE LOS CLIENTES<\/h1>\n\n\n\n<ul class=\"wp-block-list\">\n<li><strong>Acceso<\/strong>. Usted tiene derecho a acceder a los datos que tenemos sobre usted. Necesitaremos que demuestre su identidad antes de que le entreguemos sus datos personales.<\/li>\n\n\n\n<li><strong>Rectificaci\u00f3n o borrado<\/strong>. Tiene derecho a solicitar que rectifiquemos o borremos cualquier dato personal que tengamos sobre usted.<\/li>\n\n\n\n<li><strong>Restricci\u00f3n<\/strong>. Tiene derecho a restringir el uso de su informaci\u00f3n personal si los datos son inexactos, nuestro uso de la informaci\u00f3n es ilegal o si ya no necesitamos utilizar los datos para los fines para los cuales lo tenemos.<\/li>\n<\/ul>\n\n\n\n<p>Para ejercer cualquiera de los derechos mencionados anteriormente, env\u00ede un correo electr\u00f3nico a\u00a0contacto@licenciasexpress.cl<\/p>\n","protected":false},"excerpt":{"rendered":"<p>RECOPILACI\u00d3N DE INFORMACI\u00d3N S\u00f3lo recopilaremos informaci\u00f3n personal identificable (como nombre, t\u00edtulo, direcci\u00f3n, n\u00famero de tel\u00e9fono o direcci\u00f3n de correo electr\u00f3nico) que proporcione voluntariamente a trav\u00e9s de nuestro sitio web o por correspondencia por correo electr\u00f3nico. Recopilaremos informaci\u00f3n general (como el tipo de navegador que utilice, los archivos que solicite, el nombre de dominio y el [&hellip;]<\/p>\n","protected":false},"author":1,"featured_media":0,"parent":0,"menu_order":0,"comment_status":"closed","ping_status":"closed","template":"","meta":{"footnotes":""},"class_list":["post-1633","page","type-page","status-publish","hentry"],"blocksy_meta":[],"jetpack_sharing_enabled":true,"_links":{"self":[{"href":"https:\/\/licenciasexpress.cl\/index.php?rest_route=\/wp\/v2\/pages\/1633","targetHints":{"allow":["GET"]}}],"collection":[{"href":"https:\/\/licenciasexpress.cl\/index.php?rest_route=\/wp\/v2\/pages"}],"about":[{"href":"https:\/\/licenciasexpress.cl\/index.php?rest_route=\/wp\/v2\/types\/page"}],"author":[{"embeddable":true,"href":"https:\/\/licenciasexpress.cl\/index.php?rest_route=\/wp\/v2\/users\/1"}],"replies":[{"embeddable":true,"href":"https:\/\/licenciasexpress.cl\/index.php?rest_route=%2Fwp%2Fv2%2Fcomments&post=1633"}],"version-history":[{"count":1,"href":"https:\/\/licenciasexpress.cl\/index.php?rest_route=\/wp\/v2\/pages\/1633\/revisions"}],"predecessor-version":[{"id":1634,"href":"https:\/\/licenciasexpress.cl\/index.php?rest_route=\/wp\/v2\/pages\/1633\/revisions\/1634"}],"wp:attachment":[{"href":"https:\/\/licenciasexpress.cl\/index.php?rest_route=%2Fwp%2Fv2%2Fmedia&parent=1633"}],"curies":[{"name":"wp","href":"https:\/\/api.w.org\/{rel}","templated":true}]}}