{"id":1630,"date":"2023-07-04T21:05:22","date_gmt":"2023-07-04T21:05:22","guid":{"rendered":"https:\/\/licenciasexpress.cl\/?page_id=1630"},"modified":"2023-07-05T06:05:44","modified_gmt":"2023-07-05T06:05:44","slug":"terminos-y-condiciones","status":"publish","type":"page","link":"https:\/\/licenciasexpress.cl\/?page_id=1630","title":{"rendered":"T\u00e9rminos y condiciones"},"content":{"rendered":"\n<h1 class=\"wp-block-heading has-medium-font-size\">SOBRE EL PAGO DEL PRODUCTO<\/h1>\n\n\n\n<p>Las&nbsp;claves pueden ser pagadas a trav\u00e9s de diversos medios de pago, tales como: Transferencia bancaria, tarjetas de d\u00e9bito y cr\u00e9dito, entre otros.<\/p>\n\n\n\n<h1 class=\"wp-block-heading has-medium-font-size\">DEFINICI\u00d3N DE KEY<\/h1>\n\n\n\n<p>Para todos los efectos legales, lo que se env\u00eda es la&nbsp;clave original del producto v\u00eda correo electr\u00f3nico cuya validez es garantizada por los proveedores. Tendr\u00e1 un periodo de garant\u00eda de cambio en caso de problemas con la clave&nbsp;siempre que la clave&nbsp;no haya sido revocada por no respetar las condiciones del producto (instalaci\u00f3n en m\u00e1s equipos que los que provee la clave). La duraci\u00f3n de la garant\u00eda esta especificada en cada producto.<\/p>\n\n\n\n<h1 class=\"wp-block-heading has-medium-font-size\">DEVOLUCIONES DE DINERO<\/h1>\n\n\n\n<p>Al aceptar los&nbsp;<strong>T\u00e9rminos&nbsp;y condiciones<\/strong>, usted acepta y respeta lo siguiente:<\/p>\n\n\n\n<ul class=\"wp-block-list\">\n<li>Entiendo que estoy comprando una clave&nbsp;para el uso de un producto de software con un periodo de validez estipulada en la descripci\u00f3n.<\/li>\n\n\n\n<li>Debo adquirir la versi\u00f3n de software adecuada para mi sistema operativo de mi dispositivo.<\/li>\n\n\n\n<li>Acepto que al ser activada la clave, no puedo solicitar devoluci\u00f3n. Esto se debe al car\u00e1cter \u00fanico de las&nbsp;claves y por lo tanto&nbsp;licenciasexpress.cl&nbsp;no puede hacer uso de estas para la reventa.<\/li>\n\n\n\n<li>Acepto que una vez adquirida la clave, tengo un plazo de 2 semanas para hacer uso de esta.<\/li>\n\n\n\n<li>He le\u00eddo las caracter\u00edsticas del producto.<\/li>\n\n\n\n<li>Al comprar e instalar el producto asumo que mi computador est\u00e1 en condiciones de instalar el software. En caso de problemas acepto que el vendedor me ofrezca la ayuda necesaria.<\/li>\n\n\n\n<li>He resuelto mis dudas respecto al producto.<\/li>\n<\/ul>\n\n\n\n<p class=\"has-medium-font-size\">USO DE LA&nbsp;CLAVE<\/p>\n\n\n\n<p>La clave&nbsp;es para uso personal y solo se puede instalar en la cantidad de equipos definida por la clave. Si usted adquiere una clave&nbsp;para un equipo no intente instalarla en m\u00e1s de uno ni tampoco compartirla, la desactivaci\u00f3n de claves por no respetar esta condici\u00f3n no tiene ning\u00fan derecho a reembolso.<\/p>\n\n\n\n<h1 class=\"wp-block-heading has-medium-font-size\">PLAZO DE ENV\u00cdO DE LA CLAVE<\/h1>\n\n\n\n<p>La entrega de la licencia es inmediata, de lo contrario podr\u00edamos demorar hasta m\u00e1ximo 24 horas, la mayor\u00eda de las veces se enviar\u00e1 a los pocos minutos u horas de haber pagado el producto. En ciertos casos puede llegar a 24 horas si se realiza la compra el fin de semana o en fechas festivas. Si dentro de 24 horas no ha recibido su licencia por favor cont\u00e1ctenos.<\/p>\n\n\n\n<p>Usted debe revisar su carpeta de&nbsp;<strong>correo no deseado<\/strong>&nbsp;ya que es posible que por la naturaleza del correo pueda caer ah\u00ed. Tambi\u00e9n usted confirma que el correo electr\u00f3nico escrito en el formulario de pedido est\u00e1 bien escrito. De lo contrario podr\u00eda haber una demora al tener que confirmarlo<\/p>\n\n\n\n<h1 class=\"wp-block-heading has-medium-font-size\" style=\"text-transform:uppercase\">Informaci\u00f3n legal acerca de la procedencia de estas licencias<\/h1>\n\n\n\n<p>Nuestras licencias de Windows \/ Office son completamente legales y originales. Estas son compradas a proveedores que realizan compras en grandes vol\u00famenes a estas empresas de tecnolog\u00eda, y que luego, revenden parte de las licencias compradas a un menor costo.<\/p>\n\n\n\n<p>La venta, reventa y distribuci\u00f3n de productos digitales es un acto completamente legal.&nbsp;No existe ning\u00fan art\u00edculo, ni en la ley chilena ni en los t\u00e9rminos de uso de cada programa que proh\u00edba la venta de las licencias ofrecidas en nuestro sitio web.<\/p>\n\n\n\n<p>Las licencias de nuestra empresa no provienen de&nbsp;<em>Keygens<\/em>,&nbsp;<em>Cracks<\/em>&nbsp;o similares y no se necesita intervenir los programas para que estas funcionen. Se activan y validan en los servidores de su fabricante.&nbsp;<\/p>\n\n\n\n<p>Salvo que se especifique lo contrario, nosotros no estamos asociados a los desarrolladores de los programas vendidos en el sitio web y no formamos parte del canal de distribuci\u00f3n oficial de los mismos, por lo tanto no estamos ligados a sus pol\u00edticas de distribuci\u00f3n.<\/p>\n\n\n\n<h1 class=\"wp-block-heading has-medium-font-size\" style=\"text-transform:uppercase\">Limitaci\u00f3n de responsabilidad<\/h1>\n\n\n\n<p>Usted acepta la compra de nuestros productos digitales en conformidad con los t\u00e9rminos de servicio de cada uno de estos programas y sus fabricantes.<\/p>\n\n\n\n<p>Es su responsabilidad la de leer dichos t\u00e9rminos y asegurarse de que est\u00e1 cumpliendo con ellos al momento de usar estos programas, as\u00ed como de escoger la versi\u00f3n adecuada para el uso que le quiere dar.<\/p>\n\n\n\n<p>Nosotros nos limitamos \u00fanicamente a la venta de c\u00f3digos de activaci\u00f3n, el buen funcionamiento de estos softwares depende solo de su fabricante original y por ende, no nos hacemos responsables de p\u00e9rdidas morales o materiales provenientes de un mal funcionamiento de los mismos.<\/p>\n\n\n\n<p>En el caso de Office 365, le sugerimos no utilizar el sistema&nbsp;<em>OneDrive<\/em>&nbsp;para almacenar archivos prohibidos por la pol\u00edtica de uso de este servicio, ya que su cuenta podr\u00eda ser deshabilitada.&nbsp;<\/p>\n","protected":false},"excerpt":{"rendered":"<p>SOBRE EL PAGO DEL PRODUCTO Las&nbsp;claves pueden ser pagadas a trav\u00e9s de diversos medios de pago, tales como: Transferencia bancaria, tarjetas de d\u00e9bito y cr\u00e9dito, entre otros. DEFINICI\u00d3N DE KEY Para todos los efectos legales, lo que se env\u00eda es la&nbsp;clave original del producto v\u00eda correo electr\u00f3nico cuya validez es garantizada por los proveedores. Tendr\u00e1 [&hellip;]<\/p>\n","protected":false},"author":1,"featured_media":0,"parent":0,"menu_order":0,"comment_status":"closed","ping_status":"closed","template":"","meta":{"footnotes":""},"class_list":["post-1630","page","type-page","status-publish","hentry"],"blocksy_meta":[],"jetpack_sharing_enabled":true,"_links":{"self":[{"href":"https:\/\/licenciasexpress.cl\/index.php?rest_route=\/wp\/v2\/pages\/1630","targetHints":{"allow":["GET"]}}],"collection":[{"href":"https:\/\/licenciasexpress.cl\/index.php?rest_route=\/wp\/v2\/pages"}],"about":[{"href":"https:\/\/licenciasexpress.cl\/index.php?rest_route=\/wp\/v2\/types\/page"}],"author":[{"embeddable":true,"href":"https:\/\/licenciasexpress.cl\/index.php?rest_route=\/wp\/v2\/users\/1"}],"replies":[{"embeddable":true,"href":"https:\/\/licenciasexpress.cl\/index.php?rest_route=%2Fwp%2Fv2%2Fcomments&post=1630"}],"version-history":[{"count":2,"href":"https:\/\/licenciasexpress.cl\/index.php?rest_route=\/wp\/v2\/pages\/1630\/revisions"}],"predecessor-version":[{"id":1645,"href":"https:\/\/licenciasexpress.cl\/index.php?rest_route=\/wp\/v2\/pages\/1630\/revisions\/1645"}],"wp:attachment":[{"href":"https:\/\/licenciasexpress.cl\/index.php?rest_route=%2Fwp%2Fv2%2Fmedia&parent=1630"}],"curies":[{"name":"wp","href":"https:\/\/api.w.org\/{rel}","templated":true}]}}